{"id":1070,"date":"2024-04-22T01:34:47","date_gmt":"2024-04-22T01:34:47","guid":{"rendered":"https:\/\/droneplaza.eu\/?page_id=1070"},"modified":"2026-05-03T01:24:50","modified_gmt":"2026-05-03T01:24:50","slug":"rolnictwo-precyzyjne","status":"publish","type":"page","link":"https:\/\/droneplaza.eu\/pl\/rolnictwo-precyzyjne\/","title":{"rendered":"Rolnictwo precyzyjne"},"content":{"rendered":"<div class=\"et_pb_section_0 et_pb_section et_section_regular et_block_section\"><div class=\"et_pb_row_0 et_pb_row et_block_row\"><div class=\"et_pb_column_0 et_pb_column et_pb_column_1_3 et_block_column et_pb_css_mix_blend_mode_passthrough\"><div class=\"et_pb_text_0 et_pb_text et_pb_bg_layout_light et_pb_module et_block_module\"><div class=\"et_pb_text_inner\"><h1>Rolnictwo precyzyjne<\/h1>\n<p>Model H520E mo\u017ce by\u0107 wyposa\u017cony w kamer\u0119 wielospektraln\u0105 LaQuinta, kt\u00f3ra dok\u0142adnie rejestruje stan kontrolowanych upraw.<\/p>\n<p>Je\u015bli chodzi o rolnictwo i le\u015bnictwo, H520E wraz z kamer\u0105 multispektraln\u0105 LaQuinta pomo\u017ce rolnikom zwi\u0119kszy\u0107 plony, przewidzie\u0107 problemy oraz zaoszcz\u0119dzi\u0107 czas i pieni\u0105dze:<\/p>\n<ul>\n<li>Identyfikacja zdrowych i zagro\u017conych stref ro\u015blinno\u015bci.<\/li>\n<li>Wskazanie, gdzie naw\u00f3z jest potrzebny (a gdzie nie)<\/li>\n<li>Kontrola zu\u017cycia wody poprzez dok\u0142adn\u0105 identyfikacj\u0119 obszar\u00f3w zainteresowania<\/li>\n<li>\u00a0Okre\u015blenie, czy i gdzie potrzebne s\u0105 pestycydy<\/li>\n<\/ul>\n<p>&nbsp;<\/p>\n<h5>Obszary zastosowa\u0144:<br \/> Rolnictwo<\/h5>\n<\/div><\/div><\/div><div class=\"et_pb_column_1 et_pb_column et_pb_column_1_3 et_block_column et_pb_column_empty et_pb_css_mix_blend_mode_passthrough\"><\/div><div class=\"et_pb_column_2 et_pb_column et_pb_column_1_3 et-last-child et_block_column et_pb_column_empty et_pb_css_mix_blend_mode_passthrough\"><\/div><\/div><\/div><div class=\"et_pb_section_1 et_pb_section et_section_regular et_block_section\"><div class=\"et_pb_row_1 et_pb_row et_block_row\"><div class=\"et_pb_column_3 et_pb_column et_pb_column_1_2 et_block_column et_pb_css_mix_blend_mode_passthrough\"><div class=\"et_pb_text_1 et_pb_text et_pb_bg_layout_light et_pb_module et_block_module\"><div class=\"et_pb_text_inner\"><p>Czy jeste\u015b rolnikiem?<br \/>Czy chcesz zwi\u0119kszy\u0107 wydajno\u015b\u0107 swoich upraw?<\/p>\n<p>Czy zajmujesz si\u0119 zarz\u0105dzaniem ro\u015blinno\u015bci\u0105?<br \/>Chcesz ograniczy\u0107 niepotrzebne wykorzystanie zasob\u00f3w?<\/p>\n<p>Zajmujesz si\u0119 gospodark\u0105 le\u015bn\u0105?<br \/>Chcesz by\u0107 w stanie wykry\u0107 wczesne oznaki stresu ro\u015blinnego?<\/p>\n<\/div><\/div><\/div><div class=\"et_pb_column_4 et_pb_column et_pb_column_1_2 et-last-child et_block_column et_pb_column_empty et_pb_css_mix_blend_mode_passthrough\"><\/div><\/div><\/div><div class=\"et_pb_section_2 et_pb_section et_section_regular et_block_section\"><div class=\"et_pb_row_2 et_pb_row et_block_row\"><div class=\"et_pb_column_5 et_pb_column et_pb_column_4_4 et-last-child et_block_column et_pb_css_mix_blend_mode_passthrough\"><div class=\"et_pb_text_2 et_pb_text et_pb_bg_layout_light et_pb_module et_block_module\"><div class=\"et_pb_text_inner\"><h2>Kamera La quinta i hexacoptery Yuneec, silne po\u0142\u0105czenie dla zr\u00f3wnowa\u017conego rolnictwa<\/h2>\n<\/div><\/div><\/div><\/div><\/div>","protected":false},"excerpt":{"rendered":"","protected":false},"author":1,"featured_media":0,"parent":0,"menu_order":0,"comment_status":"closed","ping_status":"closed","template":"","meta":{"inline_featured_image":false,"footnotes":""},"class_list":["post-1070","page","type-page","status-publish","hentry"],"_links":{"self":[{"href":"https:\/\/droneplaza.eu\/pl\/wp-json\/wp\/v2\/pages\/1070","targetHints":{"allow":["GET"]}}],"collection":[{"href":"https:\/\/droneplaza.eu\/pl\/wp-json\/wp\/v2\/pages"}],"about":[{"href":"https:\/\/droneplaza.eu\/pl\/wp-json\/wp\/v2\/types\/page"}],"author":[{"embeddable":true,"href":"https:\/\/droneplaza.eu\/pl\/wp-json\/wp\/v2\/users\/1"}],"replies":[{"embeddable":true,"href":"https:\/\/droneplaza.eu\/pl\/wp-json\/wp\/v2\/comments?post=1070"}],"version-history":[{"count":6,"href":"https:\/\/droneplaza.eu\/pl\/wp-json\/wp\/v2\/pages\/1070\/revisions"}],"predecessor-version":[{"id":2654,"href":"https:\/\/droneplaza.eu\/pl\/wp-json\/wp\/v2\/pages\/1070\/revisions\/2654"}],"wp:attachment":[{"href":"https:\/\/droneplaza.eu\/pl\/wp-json\/wp\/v2\/media?parent=1070"}],"curies":[{"name":"wp","href":"https:\/\/api.w.org\/{rel}","templated":true}]}}