{"id":997,"date":"2024-04-21T23:33:04","date_gmt":"2024-04-21T23:33:04","guid":{"rendered":"https:\/\/droneplaza.eu\/?page_id=997"},"modified":"2026-05-03T01:24:20","modified_gmt":"2026-05-03T01:24:20","slug":"zastosowania-dronow","status":"publish","type":"page","link":"https:\/\/droneplaza.eu\/pl\/zastosowania-dronow\/","title":{"rendered":"Zastosowania dron\u00f3w"},"content":{"rendered":"<div class=\"et_pb_section_0 et_pb_section et_section_regular et_block_section\"><\/div><div class=\"et_pb_section_1 et_pb_section et_section_regular et_block_section\"><div class=\"et_pb_row_0 et_pb_row et_block_row\"><div class=\"et_pb_column_0 et_pb_column et_pb_column_4_4 et-last-child et_block_column et_pb_css_mix_blend_mode_passthrough\"><div class=\"et_pb_text_0 et_pb_text et_pb_bg_layout_light et_pb_module et_block_module et_pb_text_align_center\"><div class=\"et_pb_text_inner\"><h1>Aplikacje dronowe zapewniaj\u0105ce wydajno\u015b\u0107, bezpiecze\u0144stwo i oszcz\u0119dno\u015b\u0107 koszt\u00f3w<\/h1>\n<p>&nbsp;<\/p>\n<p>Drony to wszechstronne narz\u0119dzia, kt\u00f3re mog\u0105 by\u0107 wykorzystywane do r\u00f3\u017cnych cel\u00f3w.<br \/>Inspekcja, nadz\u00f3r, ratownictwo, obserwacja, bezpiecze\u0144stwo i pomiary to tylko niekt\u00f3re z wielu aspekt\u00f3w zastosowa\u0144 dron\u00f3w<\/p>\n<\/div><\/div><\/div><\/div><\/div><div class=\"et_pb_section_2 et_pb_section et_section_regular et_block_section\"><div class=\"et_pb_row_1 et_pb_row et_pb_row_4col et_block_row et_block_row_4col\"><div class=\"et_pb_column_1 et_pb_column et_pb_column_1_4 et_block_column et_pb_css_mix_blend_mode_passthrough\"><div class=\"et_pb_image_0 et_pb_image et_pb_module et_block_module\"><a href=\"https:\/\/droneplaza.eu\/pl\/sily-bezpieczenstwa-i-ratownicy\/\"><span class=\"et_pb_image_wrap\"><img loading=\"lazy\" decoding=\"async\" src=\"https:\/\/droneplaza.eu\/wp-content\/uploads\/2024\/04\/veiligheidsdiensten.jpg\" width=\"500\" height=\"500\" srcset=\"https:\/\/droneplaza.eu\/wp-content\/uploads\/2024\/04\/veiligheidsdiensten.jpg 500w, https:\/\/droneplaza.eu\/wp-content\/uploads\/2024\/04\/veiligheidsdiensten-480x480.jpg 480w\" sizes=\"(min-width: 0px) and (max-width: 480px) 480px, (min-width: 481px) 500px, 100vw\" class=\"wp-image-1001\" title=\"us\u0142ugi bezpiecze\u0144stwa\" \/><\/span><\/a><\/div><div class=\"et_pb_text_1 et_pb_text et_pb_bg_layout_light et_clickable et_pb_module et_block_module preset--module--divi-text--74ea4299-d31c-4479-bec2-609f58235efa\"><div class=\"et_pb_text_inner\"><h2>Dron jest niezb\u0119dny do nadzoru i zapewnienia bezpiecze\u0144stwa<\/h2>\n<p><span>Een 'oog in de lucht'\u00a0 voor het in kaart brengen van een plaats delict, het beheersen van menigtes <span style=\"color: #800000;\"><strong>. . .<\/strong><\/span><\/span><\/p>\n<\/div><\/div><\/div><div class=\"et_pb_column_2 et_pb_column et_pb_column_1_4 et_block_column et_pb_css_mix_blend_mode_passthrough\"><div class=\"et_pb_image_1 et_pb_image et_pb_module et_block_module\"><a href=\"https:\/\/droneplaza.eu\/pl\/inspekcja-paneli-slonecznych-za-pomoca-drona\/\"><span class=\"et_pb_image_wrap\"><img loading=\"lazy\" decoding=\"async\" src=\"https:\/\/droneplaza.eu\/wp-content\/uploads\/2024\/04\/zonnepanelen-met-onkruid-vierkant.jpg\" width=\"500\" height=\"500\" srcset=\"https:\/\/droneplaza.eu\/wp-content\/uploads\/2024\/04\/zonnepanelen-met-onkruid-vierkant.jpg 500w, https:\/\/droneplaza.eu\/wp-content\/uploads\/2024\/04\/zonnepanelen-met-onkruid-vierkant-480x480.jpg 480w\" sizes=\"(min-width: 0px) and (max-width: 480px) 480px, (min-width: 481px) 500px, 100vw\" class=\"wp-image-1032\" title=\"panele-sloneczne-z-chwastami-kwadrat\" \/><\/span><\/a><\/div><div class=\"et_pb_text_2 et_pb_text et_pb_bg_layout_light et_clickable et_pb_module et_block_module preset--module--divi-text--74ea4299-d31c-4479-bec2-609f58235efa\"><div class=\"et_pb_text_inner\"><h2>Kontrola paneli s\u0142onecznych za pomoc\u0105 drona pod k\u0105tem wydajno\u015bci<\/h2>\n<p>Regularna kontrola paneli s\u0142onecznych jest konieczno\u015bci\u0105 <span style=\"color: #800000;\"><strong>. . .<\/strong><\/span><\/p>\n<\/div><\/div><\/div><div class=\"et_pb_column_3 et_pb_column et_pb_column_1_4 et_block_column et_pb_css_mix_blend_mode_passthrough\"><div class=\"et_pb_image_2 et_pb_image et_pb_module et_block_module\"><a href=\"https:\/\/droneplaza.eu\/pl\/inspekcje-dronem\/\"><span class=\"et_pb_image_wrap\"><img loading=\"lazy\" decoding=\"async\" src=\"https:\/\/droneplaza.eu\/wp-content\/uploads\/2024\/04\/hpro-img59.webp\" width=\"508\" height=\"508\" srcset=\"https:\/\/droneplaza.eu\/wp-content\/uploads\/2024\/04\/hpro-img59.webp 508w, https:\/\/droneplaza.eu\/wp-content\/uploads\/2024\/04\/hpro-img59-480x480.webp 480w\" sizes=\"(min-width: 0px) and (max-width: 480px) 480px, (min-width: 481px) 508px, 100vw\" class=\"wp-image-1064\" title=\"hpro-img59\" \/><\/span><\/a><\/div><div class=\"et_pb_text_3 et_pb_text et_pb_bg_layout_light et_clickable et_pb_module et_block_module preset--module--divi-text--74ea4299-d31c-4479-bec2-609f58235efa\"><div class=\"et_pb_text_inner\"><h2>Wizualne i termiczne inspekcje budynk\u00f3w i obiekt\u00f3w<\/h2>\n<p><span>Dron do uzyskiwania dok\u0142adnych obraz\u00f3w dowolnego obiektu inspekcji i oszcz\u0119dzania czasu.<\/span> <span style=\"color: #800000;\"><strong>. . .<\/strong><\/span><\/p>\n<\/div><\/div><\/div><div class=\"et_pb_column_4 et_pb_column et_pb_column_1_4 et-last-child et_block_column et_pb_css_mix_blend_mode_passthrough\"><div class=\"et_pb_image_3 et_pb_image et_pb_module et_block_module\"><a href=\"https:\/\/droneplaza.eu\/pl\/rolnictwo-precyzyjne\/\"><span class=\"et_pb_image_wrap\"><img loading=\"lazy\" decoding=\"async\" src=\"https:\/\/droneplaza.eu\/wp-content\/uploads\/2024\/04\/precisie-landbouw-jpg.webp\" width=\"358\" height=\"358\" srcset=\"https:\/\/droneplaza.eu\/wp-content\/uploads\/2024\/04\/precisie-landbouw-jpg.webp 358w, https:\/\/droneplaza.eu\/wp-content\/uploads\/2024\/04\/precisie-landbouw-jpg-300x300.webp 300w, https:\/\/droneplaza.eu\/wp-content\/uploads\/2024\/04\/precisie-landbouw-jpg-150x150.webp 150w, https:\/\/droneplaza.eu\/wp-content\/uploads\/2024\/04\/precisie-landbouw-jpg-100x100.webp 100w\" sizes=\"(max-width: 358px) 100vw, 358px\" class=\"wp-image-1004\" title=\"rolnictwo precyzyjne\" \/><\/span><\/a><\/div><div class=\"et_pb_text_4 et_pb_text et_pb_bg_layout_light et_clickable et_pb_module et_block_module preset--module--divi-text--74ea4299-d31c-4479-bec2-609f58235efa\"><div class=\"et_pb_text_inner\"><h2>Jako wsparcie dla rolnictwa i gospodarki le\u015bnej<\/h2>\n<p>Do poprawy plon\u00f3w i wczesnego wykrywania stresu wegetacyjnego\u00a0 <span style=\"color: #800000;\"><strong>. . .<\/strong><\/span><\/p>\n<\/div><\/div><\/div><\/div><div class=\"et_pb_row_2 et_pb_row et_pb_row_1-4_1-4_1-2 et_block_row et_block_row_1-4_1-4_1-2\"><div class=\"et_pb_column_5 et_pb_column et_pb_column_1_4 et_block_column et_pb_css_mix_blend_mode_passthrough\"><div class=\"et_pb_image_4 et_pb_image et_pb_module et_block_module\"><a href=\"https:\/\/droneplaza.eu\/pl\/mapowanie-i-pomiary-budowlane\/\"><span class=\"et_pb_image_wrap\"><img loading=\"lazy\" decoding=\"async\" src=\"https:\/\/droneplaza.eu\/wp-content\/uploads\/2024\/04\/2d-3d-mapping.jpg\" width=\"500\" height=\"500\" srcset=\"https:\/\/droneplaza.eu\/wp-content\/uploads\/2024\/04\/2d-3d-mapping.jpg 500w, https:\/\/droneplaza.eu\/wp-content\/uploads\/2024\/04\/2d-3d-mapping-480x480.jpg 480w\" sizes=\"(min-width: 0px) and (max-width: 480px) 480px, (min-width: 481px) 500px, 100vw\" class=\"wp-image-1031\" title=\"Mapowanie 2d-3d\" \/><\/span><\/a><\/div><div class=\"et_pb_text_5 et_pb_text et_pb_bg_layout_light et_clickable et_pb_module et_block_module preset--module--divi-text--74ea4299-d31c-4479-bec2-609f58235efa\"><div class=\"et_pb_text_inner\"><h2>Budowa, mapowanie i pomiary, 2D i 3D<\/h2>\n<p><span>Pomiary przed rozpocz\u0119ciem budowy, pomiary topograficzne, post\u0119p projektu, a nawet pomiary powykonawcze. <span style=\"color: #800000;\"><strong>. . .<\/strong><\/span><\/span><\/p>\n<\/div><\/div><\/div><div class=\"et_pb_column_6 et_pb_column et_pb_column_1_4 et_block_column et_pb_css_mix_blend_mode_passthrough\"><div class=\"et_pb_image_5 et_pb_image et_pb_module et_block_module\"><a href=\"https:\/\/droneplaza.eu\/pl\/zdjecia-i-wideo-z-drona\/\"><span class=\"et_pb_image_wrap\"><img loading=\"lazy\" decoding=\"async\" src=\"https:\/\/droneplaza.eu\/wp-content\/uploads\/2024\/04\/foto-en-film-jpg.webp\" width=\"500\" height=\"500\" srcset=\"https:\/\/droneplaza.eu\/wp-content\/uploads\/2024\/04\/foto-en-film-jpg.webp 500w, https:\/\/droneplaza.eu\/wp-content\/uploads\/2024\/04\/foto-en-film-jpg-480x480.webp 480w\" sizes=\"(min-width: 0px) and (max-width: 480px) 480px, (min-width: 481px) 500px, 100vw\" class=\"wp-image-1006\" title=\"fotografia i film\" \/><\/span><\/a><\/div><div class=\"et_pb_text_6 et_pb_text et_pb_bg_layout_light et_clickable et_pb_module et_block_module preset--module--divi-text--74ea4299-d31c-4479-bec2-609f58235efa\"><div class=\"et_pb_text_inner\"><h2>Fotografowanie i filmowanie dronem jako anga\u017cuj\u0105cy punkt widzenia<\/h2>\n<p>Dodaj wymiar swojej produkcji filmowej, fotografii \u015blubnej lub krajobrazowej dzi\u0119ki uj\u0119ciom z drona\u00a0<span style=\"color: #800000;\"><strong>. . .<\/strong><\/span><\/p>\n<\/div><\/div><\/div><div class=\"et_pb_column_7 et_pb_column et_pb_column_1_2 et-last-child et_block_column et_pb_css_mix_blend_mode_passthrough\"><div class=\"et_pb_image_6 et_pb_image et_pb_module et_block_module\"><a href=\"https:\/\/droneplaza.eu\/pl\/pomiary-3d-za-pomoca-dronow\/\"><span class=\"et_pb_image_wrap\"><img loading=\"lazy\" decoding=\"async\" src=\"https:\/\/droneplaza.eu\/wp-content\/uploads\/2024\/04\/dak-inmeten-jpg.webp\" width=\"720\" height=\"320\" srcset=\"https:\/\/droneplaza.eu\/wp-content\/uploads\/2024\/04\/dak-inmeten-jpg.webp 720w, https:\/\/droneplaza.eu\/wp-content\/uploads\/2024\/04\/dak-inmeten-jpg-480x213.webp 480w\" sizes=\"(min-width: 0px) and (max-width: 480px) 480px, (min-width: 481px) 720px, 100vw\" class=\"wp-image-1007\" title=\"pomiar dachu\" \/><\/span><\/a><\/div><div class=\"et_pb_text_7 et_pb_text et_pb_bg_layout_light et_clickable et_pb_module et_block_module\"><div class=\"et_pb_text_inner\"><h2 class=\"p1\"><span class=\"s1\">Pomiary 3D za pomoc\u0105 drona do pomiar\u00f3w grunt\u00f3w, budynk\u00f3w, budowli, p\u00f3l, \u0142\u0105k i las\u00f3w<\/span><\/h2>\n<p><span>Pomiary 3D za pomoc\u0105 drona to stosunkowo nowa technika, kt\u00f3ra staje si\u0119 coraz bardziej popularna. Za pomoc\u0105 drona mo\u017cna szybko i dok\u0142adnie zmierzy\u0107 du\u017ce powierzchnie lub trudno dost\u0119pne obszary <span style=\"color: #800000;\"><strong>. . .<\/strong><\/span><\/span><\/p>\n<\/div><\/div><\/div><\/div><\/div><div class=\"et_pb_section_3 et_pb_section et_section_regular et_block_section\"><div class=\"et_pb_row_3 et_pb_row et_block_row\"><div class=\"et_pb_column_8 et_pb_column et_pb_column_1_2 et_block_column et_pb_css_mix_blend_mode_passthrough\"><div class=\"et_pb_text_8 et_pb_text et_pb_bg_layout_light et_pb_module et_block_module\"><div class=\"et_pb_text_inner\"><p><strong>Dlaczego u\u017cywane s\u0105 nasze drony?<\/strong><br \/>Korzystanie z drona zapewnia perspektyw\u0119 z lotu ptaka. Umo\u017cliwia rejestrowanie z\u0142o\u017conych sytuacji i gromadzenie danych, kt\u00f3re bez drona by\u0142yby niedost\u0119pne. Dron jest \u0142atwy w obs\u0142udze i mo\u017ce porusza\u0107 si\u0119 we wszystkich kierunkach i wysoko\u015bciach autonomicznie lub przez pilota drona. Dron <span>Drony Yuneec s\u0105 znane ze swojego nieod\u0142\u0105cznego bezpiecze\u0144stwa i du\u017cej warto\u015bci w r\u00f3\u017cnych zastosowaniach komercyjnych.<\/span><\/p>\n<p><strong>Do czego wykorzystywane s\u0105 drony?<\/strong><br \/>Drony s\u0105 coraz cz\u0119\u015bciej wykorzystywane do r\u00f3\u017cnych cel\u00f3w.<br \/>De combinatie drone - payloads maakt onze producten geschikt binnen veel toepassingen. Hierbij kan gedacht worden aan inspecties van objecten, beveiliging, hulpverlening, amusement, wetenschap, media, 2D en 3D opnames en precisie landbouw.<\/p>\n<p>Wdra\u017caj\u0105c nasze drony, firmy by\u0142y w stanie uzyska\u0107 znaczne oszcz\u0119dno\u015bci koszt\u00f3w. Przyk\u0142ady obejmuj\u0105 inspekcj\u0119 upraw w rolnictwie, wsparcie dla s\u0142u\u017cb ratunkowych, takich jak policja i stra\u017c po\u017carna, przemys\u0142 budowlany i fotograficzny. <a href=\"https:\/\/www.youtube.com\/channel\/UClXVS66kNAyqOX_zs6Ga_gQ\" target=\"_blank\" rel=\"noopener\">przemys\u0142 filmowy<\/a>.<\/p>\n<p><span>Dzi\u0119ki ci\u0105g\u0142emu rozwojowi produkt\u00f3w przez naszych in\u017cynier\u00f3w Yuneec jest dzi\u015b znanym graczem w bran\u017cy profesjonalnych dron\u00f3w.<\/span><\/p>\n<\/div><\/div><\/div><div class=\"et_pb_column_9 et_pb_column et_pb_column_1_2 et-last-child et_block_column et_pb_css_mix_blend_mode_passthrough\"><div class=\"et_pb_image_7 et_pb_image et_pb_module et_block_module\"><span class=\"et_pb_image_wrap\"><img loading=\"lazy\" decoding=\"async\" src=\"https:\/\/droneplaza.eu\/wp-content\/uploads\/2024\/04\/solar-energy-black-white.jpg\" width=\"1600\" height=\"703\" srcset=\"https:\/\/droneplaza.eu\/wp-content\/uploads\/2024\/04\/solar-energy-black-white.jpg 1600w, https:\/\/droneplaza.eu\/wp-content\/uploads\/2024\/04\/solar-energy-black-white-1280x562.jpg 1280w, https:\/\/droneplaza.eu\/wp-content\/uploads\/2024\/04\/solar-energy-black-white-980x431.jpg 980w, https:\/\/droneplaza.eu\/wp-content\/uploads\/2024\/04\/solar-energy-black-white-480x211.jpg 480w\" sizes=\"(min-width: 0px) and (max-width: 480px) 480px, (min-width: 481px) and (max-width: 980px) 980px, (min-width: 981px) and (max-width: 1280px) 1280px, (min-width: 1281px) 1600px, 100vw\" class=\"wp-image-1008\" title=\"energia s\u0142oneczna-czarno-bia\u0142a\" alt=\"zastosowania dron\u00f3w panele s\u0142oneczne\" \/><\/span><\/div><\/div><\/div><\/div>","protected":false},"excerpt":{"rendered":"","protected":false},"author":1,"featured_media":1044,"parent":0,"menu_order":0,"comment_status":"closed","ping_status":"closed","template":"","meta":{"inline_featured_image":false,"footnotes":""},"class_list":["post-997","page","type-page","status-publish","has-post-thumbnail","hentry"],"_links":{"self":[{"href":"https:\/\/droneplaza.eu\/pl\/wp-json\/wp\/v2\/pages\/997","targetHints":{"allow":["GET"]}}],"collection":[{"href":"https:\/\/droneplaza.eu\/pl\/wp-json\/wp\/v2\/pages"}],"about":[{"href":"https:\/\/droneplaza.eu\/pl\/wp-json\/wp\/v2\/types\/page"}],"author":[{"embeddable":true,"href":"https:\/\/droneplaza.eu\/pl\/wp-json\/wp\/v2\/users\/1"}],"replies":[{"embeddable":true,"href":"https:\/\/droneplaza.eu\/pl\/wp-json\/wp\/v2\/comments?post=997"}],"version-history":[{"count":16,"href":"https:\/\/droneplaza.eu\/pl\/wp-json\/wp\/v2\/pages\/997\/revisions"}],"predecessor-version":[{"id":2650,"href":"https:\/\/droneplaza.eu\/pl\/wp-json\/wp\/v2\/pages\/997\/revisions\/2650"}],"wp:featuredmedia":[{"embeddable":true,"href":"https:\/\/droneplaza.eu\/pl\/wp-json\/wp\/v2\/media\/1044"}],"wp:attachment":[{"href":"https:\/\/droneplaza.eu\/pl\/wp-json\/wp\/v2\/media?parent=997"}],"curies":[{"name":"wp","href":"https:\/\/api.w.org\/{rel}","templated":true}]}}