{"id":105,"date":"2024-03-22T03:02:58","date_gmt":"2024-03-22T03:02:58","guid":{"rendered":"https:\/\/droneplaza.eu\/?post_type=product&#038;p=105"},"modified":"2024-07-09T17:25:10","modified_gmt":"2024-07-09T17:25:10","slug":"evo-ii-dual-640t-rtk-bundle-v3","status":"publish","type":"product","link":"https:\/\/droneplaza.eu\/pl\/produkt\/evo-ii-dual-640t-rtk-bundle-v3\/","title":{"rendered":"EVO II Dual pro 640T RTK bundle V3"},"content":{"rendered":"<p>Precyzyjny modu\u0142 RTK, obs\u0142uguje PPK i synchronizacj\u0119 czasu<br \/>\nPodw\u00f3jna kamera z czujnikiem termowizyjnym<br \/>\nDe warmtebeeldsensor heeft een resolutie van maximaal 640&#215;512<br \/>\nObs\u0142uga 10 termicznych palet kolor\u00f3w, cz\u0119stotliwo\u015b\u0107 od\u015bwie\u017cania 30 Hz i tryb obrazu w obrazie<br \/>\nObiektyw 13 mm i 16-krotny zoom cyfrowy umo\u017cliwiaj\u0105cy rozpoznawanie obiekt\u00f3w znajduj\u0105cych si\u0119 w odleg\u0142o\u015bci do 100 metr\u00f3w.<br \/>\nRadiometryczne wykrywanie temperatury<br \/>\nElastyczno\u015b\u0107 postprodukcji w 10-bitowym formacie A-log<br \/>\nMisje prostok\u0105tne lub wielok\u0105tne<br \/>\nUnikanie przeszk\u00f3d 360\u00b0 z 19 grupami czujnik\u00f3w<br \/>\nNajlepszy w bran\u017cy czas lotu wynosz\u0105cy 38 minut<br \/>\nZasi\u0119g transmisji 15 km<br \/>\nPr\u0119dko\u015b\u0107 maksymalna 45 km\/h<\/p>","protected":false},"excerpt":{"rendered":"<p>Dron geodezyjny EVO II Dual 640T RTK V3 jest wyposa\u017cony w kamer\u0119 termowizyjn\u0105 o wysokiej rozdzielczo\u015bci (czujnik\/kamera termowizyjna) oraz zupe\u0142nie nowy 50-megapikselowy czujnik RYYB Sony .8\u2033.<\/p>\n<p>Czujnik termowizyjny o wysokiej rozdzielczo\u015bci<br \/>\nPrecyzyjny pomiar temperatury<br \/>\nEVO II Dual 640T RTK V3 mo\u017ce dok\u0142adnie wykrywa\u0107 \u017ar\u00f3d\u0142a ciep\u0142a w odleg\u0142o\u015bci od 2 do 20 metr\u00f3w.<\/p>\n<p>Centymetrowa dok\u0142adno\u015b\u0107 dzi\u0119ki zastosowaniu RTK, bardzo odpowiednia do zastosowa\u0144 mapowania<\/p>","protected":false},"featured_media":106,"template":"","meta":{"_et_pb_use_builder":"","_et_pb_old_content":"","_et_gb_content_width":"","inline_featured_image":false},"product_brand":[],"product_cat":[18,19],"product_tag":[],"class_list":{"0":"post-105","1":"product","2":"type-product","3":"status-publish","4":"has-post-thumbnail","6":"product_cat-autel-drones","7":"product_cat-autel-evo-ii-series","9":"first","10":"instock","11":"taxable","12":"shipping-taxable","13":"purchasable","14":"product-type-simple"},"_links":{"self":[{"href":"https:\/\/droneplaza.eu\/pl\/wp-json\/wp\/v2\/product\/105","targetHints":{"allow":["GET"]}}],"collection":[{"href":"https:\/\/droneplaza.eu\/pl\/wp-json\/wp\/v2\/product"}],"about":[{"href":"https:\/\/droneplaza.eu\/pl\/wp-json\/wp\/v2\/types\/product"}],"wp:featuredmedia":[{"embeddable":true,"href":"https:\/\/droneplaza.eu\/pl\/wp-json\/wp\/v2\/media\/106"}],"wp:attachment":[{"href":"https:\/\/droneplaza.eu\/pl\/wp-json\/wp\/v2\/media?parent=105"}],"wp:term":[{"taxonomy":"product_brand","embeddable":true,"href":"https:\/\/droneplaza.eu\/pl\/wp-json\/wp\/v2\/product_brand?post=105"},{"taxonomy":"product_cat","embeddable":true,"href":"https:\/\/droneplaza.eu\/pl\/wp-json\/wp\/v2\/product_cat?post=105"},{"taxonomy":"product_tag","embeddable":true,"href":"https:\/\/droneplaza.eu\/pl\/wp-json\/wp\/v2\/product_tag?post=105"}],"curies":[{"name":"wp","href":"https:\/\/api.w.org\/{rel}","templated":true}]}}