{"id":116,"date":"2024-03-30T01:58:25","date_gmt":"2024-03-30T01:58:25","guid":{"rendered":"https:\/\/droneplaza.eu\/?post_type=product&#038;p=116"},"modified":"2024-05-13T01:04:54","modified_gmt":"2024-05-13T01:04:54","slug":"autel-drone-evo-nano","status":"publish","type":"product","link":"https:\/\/droneplaza.eu\/pl\/produkt\/autel-drone-evo-nano\/","title":{"rendered":"Dron Autel - EVO Nano+ premium bundle szary"},"content":{"rendered":"<h4>HDR: Ciemne cienie. Jasne \u015bwiat\u0142a<\/h4>\n<p>Als HDR is ingeschakeld maakt de Nano+ meerdere foto&#8217;s met verschillende belichtingen en voegen deze automatisch samen, wat resulteert in een foto met meer contrast en dynamisch bereik.<\/p>\n<h4>Super lekki. Ultrakompaktowy.<\/h4>\n<p>Przy wadze zaledwie 249 g, Nano+ wa\u017cy mniej wi\u0119cej tyle, co smartfon i mie\u015bci si\u0119 w bocznej kieszeni plecaka turystycznego.<\/p>\n<h4>SkyPortrait: Tw\u00f3j osobisty paparazzi<\/h4>\n<p>Po naci\u015bni\u0119ciu przycisku Nano unosi si\u0119 w powietrze i robi zdj\u0119cie Tobie i Twoim znajomym. Obraz jest automatycznie ustawiany na ostro\u015b\u0107, dzi\u0119ki czemu nikt nie zostanie zapomniany.<\/p>\n<h4>Dynamic Track 2.1: automatycznie pod\u0105\u017ca za poruszaj\u0105cym si\u0119 obiektem<\/h4>\n<p>W\u0142\u0105cz w Nano automatyczne \u015bledzenie osoby, dzi\u0119ki czemu mo\u017cesz skoncentrowa\u0107 si\u0119 na swoich dzia\u0142aniach, podczas gdy Nano zajmie si\u0119 nagrywaniem.<\/p>\n<p>Tw\u00f3rz profesjonalne uj\u0119cia za naci\u015bni\u0119ciem jednego przycisku dzi\u0119ki czterem automatycznym trybom fotografowania. Dodaj \u015bcie\u017ck\u0119 d\u017awi\u0119kow\u0105 i filtry w aplikacji Autel Sky, aby uczyni\u0107 swoje wideo jeszcze bardziej epickim i uzyska\u0107 niezapomniane rezultaty, niezale\u017cnie od tego, czy jeste\u015b do\u015bwiadczonym pilotem drona, czy nie masz do\u015bwiadczenia z dronami.<br \/>\nZewn\u0119trzna pami\u0119\u0107 masowa na karcie SSD<\/p>","protected":false},"excerpt":{"rendered":"<h3>Ultralekki towarzysz dla entuzjast\u00f3w fotografii i wideo<\/h3>\n<p>EVO Nano+ posiada matryc\u0119 CMOS 1\/1,28 cala (0,8 cala) zdoln\u0105 do robienia zdj\u0119\u0107 o rozdzielczo\u015bci 50 MP. Uk\u0142ad filtr\u00f3w kolor\u00f3w RYYB z du\u017cym otworem przys\u0142ony f\/1,9 zapewnia doskona\u0142\u0105 redukcj\u0119 szum\u00f3w i moc do \u0142atwego tworzenia wysokiej jako\u015bci zdj\u0119\u0107 w warunkach s\u0142abego o\u015bwietlenia.<br \/>\nSeria EVO Nano jest pierwszym i jedynym dronem tej wielko\u015bci z zaawansowanym systemem omijania przeszk\u00f3d - co czyni go oczywistym wyborem dla u\u017cytkownik\u00f3w, kt\u00f3rzy chc\u0105 unikn\u0105\u0107 wypadk\u00f3w i wyd\u0142u\u017cy\u0107 \u017cywotno\u015b\u0107 swojego drona.<\/p>\n<p><a href=\"https:\/\/droneplaza.eu\/pl\/evo-nano\/\">Czytaj wi\u0119cej .<\/a><\/p>","protected":false},"featured_media":177,"template":"","meta":{"_et_pb_use_builder":"","_et_pb_old_content":"","_et_gb_content_width":"","inline_featured_image":false},"product_brand":[],"product_cat":[18,20],"product_tag":[],"class_list":{"0":"post-116","1":"product","2":"type-product","3":"status-publish","4":"has-post-thumbnail","6":"product_cat-autel-drones","7":"product_cat-autel-evo-nano","9":"first","10":"instock","11":"taxable","12":"shipping-taxable","13":"purchasable","14":"product-type-simple"},"_links":{"self":[{"href":"https:\/\/droneplaza.eu\/pl\/wp-json\/wp\/v2\/product\/116","targetHints":{"allow":["GET"]}}],"collection":[{"href":"https:\/\/droneplaza.eu\/pl\/wp-json\/wp\/v2\/product"}],"about":[{"href":"https:\/\/droneplaza.eu\/pl\/wp-json\/wp\/v2\/types\/product"}],"wp:featuredmedia":[{"embeddable":true,"href":"https:\/\/droneplaza.eu\/pl\/wp-json\/wp\/v2\/media\/177"}],"wp:attachment":[{"href":"https:\/\/droneplaza.eu\/pl\/wp-json\/wp\/v2\/media?parent=116"}],"wp:term":[{"taxonomy":"product_brand","embeddable":true,"href":"https:\/\/droneplaza.eu\/pl\/wp-json\/wp\/v2\/product_brand?post=116"},{"taxonomy":"product_cat","embeddable":true,"href":"https:\/\/droneplaza.eu\/pl\/wp-json\/wp\/v2\/product_cat?post=116"},{"taxonomy":"product_tag","embeddable":true,"href":"https:\/\/droneplaza.eu\/pl\/wp-json\/wp\/v2\/product_tag?post=116"}],"curies":[{"name":"wp","href":"https:\/\/api.w.org\/{rel}","templated":true}]}}