{"id":122,"date":"2024-03-31T01:45:36","date_gmt":"2024-03-31T01:45:36","guid":{"rendered":"https:\/\/droneplaza.eu\/?post_type=product&#038;p=122"},"modified":"2024-03-31T01:47:20","modified_gmt":"2024-03-31T01:47:20","slug":"smigla-evo-ii-o-niskim-poziomie-halasu","status":"publish","type":"product","link":"https:\/\/droneplaza.eu\/pl\/produkt\/smigla-evo-ii-o-niskim-poziomie-halasu\/","title":{"rendered":"\u015amig\u0142a EVO II o niskim poziomie ha\u0142asu"},"content":{"rendered":"<p>\u015amig\u0142a EVO II s\u0105 wykonane z nylonu i w\u0142\u00f3kna szklanego, dzi\u0119ki czemu s\u0105 wytrzyma\u0142e. Stabilizuje to lot i zapewnia bezpiecze\u0144stwo u\u017cytkownika podczas ekstremalnych kolizji, w kt\u00f3rych \u015bmig\u0142a p\u0119kaj\u0105, ale nie rozpadaj\u0105 si\u0119 na kawa\u0142ki. \u015amig\u0142a w kszta\u0142cie wierzby zosta\u0142y wielokrotnie zoptymalizowane, aby zapewni\u0107 najmniejszy op\u00f3r, najwy\u017csz\u0105 wydajno\u015b\u0107 i najmniejszy ha\u0142as. Sk\u0142adana konstrukcja i \u0142atwy monta\u017c sprawiaj\u0105, \u017ce s\u0105 one bardzo przyjazne dla u\u017cytkownika.<\/p>\n<p>Bardzo intensywne i mocne; \u015bmig\u0142o w kszta\u0142cie wierzby zapewnia najmniejszy op\u00f3r, najwy\u017csz\u0105 wydajno\u015b\u0107 i najmniejszy ha\u0142as.<\/p>","protected":false},"excerpt":{"rendered":"<p>Autel Robotics przeprojektowa\u0142 \u015bmig\u0142a dla samolot\u00f3w z serii EVO II. Ta zaktualizowana wersja r\u00f3\u017cni si\u0119 od oryginalnego projektu \u015bmig\u0142a. Obie wersje \u015bmigie\u0142 nie mog\u0105 by\u0107 u\u017cywane zamiennie na dronie, poniewa\u017c spowoduje to niestabilny lot. Wszystkie \u015bmig\u0142a musz\u0105 by\u0107 tej samej wersji, aby unikn\u0105\u0107 uszkodzenia drona.<\/p>\n<p>Zalecamy zakup pe\u0142nego zestawu (2 pary) dla swojego drona, je\u015bli nie masz jeszcze cichych \u015bmigie\u0142. Upewnij si\u0119, \u017ce prawid\u0142owo zidentyfikowa\u0142e\u015b typ \u015bmigie\u0142, kt\u00f3re masz obecnie zainstalowane na swoim statku powietrznym.<br \/>\n<strong>Cena dotyczy 1 zestawu\/pude\u0142ka!<\/strong><\/p>","protected":false},"featured_media":125,"template":"","meta":{"_et_pb_use_builder":"","_et_pb_old_content":"","_et_gb_content_width":"","inline_featured_image":false},"product_brand":[],"product_cat":[21,22,23],"product_tag":[],"class_list":{"0":"post-122","1":"product","2":"type-product","3":"status-publish","4":"has-post-thumbnail","6":"product_cat-accessoires","7":"product_cat-autel-accessoires","8":"product_cat-evo-ii","10":"first","11":"instock","12":"taxable","13":"shipping-taxable","14":"purchasable","15":"product-type-simple"},"_links":{"self":[{"href":"https:\/\/droneplaza.eu\/pl\/wp-json\/wp\/v2\/product\/122","targetHints":{"allow":["GET"]}}],"collection":[{"href":"https:\/\/droneplaza.eu\/pl\/wp-json\/wp\/v2\/product"}],"about":[{"href":"https:\/\/droneplaza.eu\/pl\/wp-json\/wp\/v2\/types\/product"}],"wp:featuredmedia":[{"embeddable":true,"href":"https:\/\/droneplaza.eu\/pl\/wp-json\/wp\/v2\/media\/125"}],"wp:attachment":[{"href":"https:\/\/droneplaza.eu\/pl\/wp-json\/wp\/v2\/media?parent=122"}],"wp:term":[{"taxonomy":"product_brand","embeddable":true,"href":"https:\/\/droneplaza.eu\/pl\/wp-json\/wp\/v2\/product_brand?post=122"},{"taxonomy":"product_cat","embeddable":true,"href":"https:\/\/droneplaza.eu\/pl\/wp-json\/wp\/v2\/product_cat?post=122"},{"taxonomy":"product_tag","embeddable":true,"href":"https:\/\/droneplaza.eu\/pl\/wp-json\/wp\/v2\/product_tag?post=122"}],"curies":[{"name":"wp","href":"https:\/\/api.w.org\/{rel}","templated":true}]}}