{"id":1439,"date":"2024-04-27T01:43:15","date_gmt":"2024-04-27T01:43:15","guid":{"rendered":"https:\/\/droneplaza.eu\/?post_type=product&#038;p=1439"},"modified":"2024-04-27T01:45:22","modified_gmt":"2024-04-27T01:45:22","slug":"sar-box","status":"publish","type":"product","link":"https:\/\/droneplaza.eu\/pl\/produkt\/sar-box\/","title":{"rendered":"SAR Box"},"content":{"rendered":"<h4 style=\"font-weight: 400;\">Zaawansowane, precyzyjne rozwi\u0105zanie SAR Airdrop<\/h4>\n<p style=\"font-weight: 400;\">Yuneec Search &amp; Rescue Box posiada innowacyjny system mocowania specjalnie zaprojektowany do bezpiecznego i dok\u0142adnego dostarczania przedmiot\u00f3w za pomoc\u0105 drona. Dzi\u0119ki temu systemowi w po\u0142\u0105czeniu z naszym dronem H850 mo\u017cesz dostarcza\u0107 niezb\u0119dne \u0142adunki w r\u00f3\u017cnych sytuacjach, takich jak operacje poszukiwawczo-ratownicze, dostawy w odleg\u0142ych obszarach, a nawet w misjach taktycznych, w kt\u00f3rych precyzja ma kluczowe znaczenie.<br \/>\nSAR Box jest wyposa\u017cony w cztery solidne haki, kt\u00f3re wisz\u0105 pod dronem. Ka\u017cdy z tych hak\u00f3w zosta\u0142 zaprojektowany tak, aby wytrzyma\u0107 obci\u0105\u017cenie do 1,5 kg. Uwaga: Dron Yuneec H850 ma ud\u017awig do 3 kg. Haki urz\u0105dzenia SAR s\u0105 wykonane z wysokiej jako\u015bci materia\u0142\u00f3w i zosta\u0142y zaprojektowane tak, aby bezpiecznie zaczepi\u0107 si\u0119 o \u0142adunek, utrzymuj\u0105c go w miejscu podczas lotu. Haki mo\u017cna \u0142atwo od\u0142\u0105czy\u0107 od drona za pomoc\u0105 kontrolera T-One, kt\u00f3ry s\u0142u\u017cy r\u00f3wnie\u017c do sterowania dronem H850. Urz\u0105dzenie SAR mo\u017cna przymocowa\u0107 pod dronem. Pozostawia to miejsce na inny \u0142adunek, kt\u00f3ry mo\u017ce by\u0107 obs\u0142ugiwany razem z urz\u0105dzeniem SAR.<\/p>","protected":false},"excerpt":{"rendered":"<p>Yuneec Search &amp; Rescue Box posiada innowacyjny system mocowania specjalnie zaprojektowany do bezpiecznego i dok\u0142adnego dostarczania przedmiot\u00f3w za pomoc\u0105 drona. Dzi\u0119ki temu systemowi w po\u0142\u0105czeniu z naszym dronem H850 mo\u017cesz dostarcza\u0107 niezb\u0119dne \u0142adunki w r\u00f3\u017cnych sytuacjach, takich jak operacje poszukiwawczo-ratownicze, dostawy w odleg\u0142ych obszarach, a nawet w misjach taktycznych, w kt\u00f3rych precyzja ma kluczowe znaczenie.<\/p>","protected":false},"featured_media":1457,"template":"","meta":{"_et_pb_use_builder":"","_et_pb_old_content":"","_et_gb_content_width":"","inline_featured_image":false},"product_brand":[],"product_cat":[37,38,39],"product_tag":[],"class_list":{"0":"post-1439","1":"product","2":"type-product","3":"status-publish","4":"has-post-thumbnail","6":"product_cat-h850-rtk","7":"product_cat-h850-uitbreiding","8":"product_cat-payloads","10":"first","11":"instock","12":"taxable","13":"shipping-taxable","14":"purchasable","15":"product-type-simple"},"_links":{"self":[{"href":"https:\/\/droneplaza.eu\/pl\/wp-json\/wp\/v2\/product\/1439","targetHints":{"allow":["GET"]}}],"collection":[{"href":"https:\/\/droneplaza.eu\/pl\/wp-json\/wp\/v2\/product"}],"about":[{"href":"https:\/\/droneplaza.eu\/pl\/wp-json\/wp\/v2\/types\/product"}],"wp:featuredmedia":[{"embeddable":true,"href":"https:\/\/droneplaza.eu\/pl\/wp-json\/wp\/v2\/media\/1457"}],"wp:attachment":[{"href":"https:\/\/droneplaza.eu\/pl\/wp-json\/wp\/v2\/media?parent=1439"}],"wp:term":[{"taxonomy":"product_brand","embeddable":true,"href":"https:\/\/droneplaza.eu\/pl\/wp-json\/wp\/v2\/product_brand?post=1439"},{"taxonomy":"product_cat","embeddable":true,"href":"https:\/\/droneplaza.eu\/pl\/wp-json\/wp\/v2\/product_cat?post=1439"},{"taxonomy":"product_tag","embeddable":true,"href":"https:\/\/droneplaza.eu\/pl\/wp-json\/wp\/v2\/product_tag?post=1439"}],"curies":[{"name":"wp","href":"https:\/\/api.w.org\/{rel}","templated":true}]}}