{"id":1442,"date":"2024-04-27T01:43:16","date_gmt":"2024-04-27T01:43:16","guid":{"rendered":"https:\/\/droneplaza.eu\/?post_type=product&#038;p=1442"},"modified":"2024-04-27T01:46:56","modified_gmt":"2024-04-27T01:46:56","slug":"e90","status":"publish","type":"product","link":"https:\/\/droneplaza.eu\/pl\/produkt\/e90\/","title":{"rendered":"E90"},"content":{"rendered":"<p>Kamera E90 to szerokok\u0105tna kamera o wysokiej rozdzielczo\u015bci, idealna do zastosowa\u0144, w kt\u00f3rych wymagana jest wysoka jako\u015b\u0107 zdj\u0119\u0107 i nagra\u0144 wideo. W modelu E90X zastosowano 1-calow\u0105 matryc\u0119 CMOS o rozdzielczo\u015bci 20 MP oraz najnowszy, szybki uk\u0142ad przetwarzania obrazu H2. Funkcja zoomu cyfrowego pozwala u\u017cytkownikowi na powi\u0119kszanie i pomniejszanie obrazu dwoma palcami do 8x.<\/p>\n<p><strong>Cechy<\/strong><\/p>\n<ul>\n<li>20 megapikseli \/ rozdzielczo\u015b\u0107 4K przy 60 klatkach na sekund\u0119<\/li>\n<li>Czujnik CMOS 1 \"<\/li>\n<li>Zoom cyfrowy do 8x<\/li>\n<li>Obiektyw 23 mm o niskim poziomie zniekszta\u0142ce\u0144<\/li>\n<li>30-stykowe z\u0142\u0105cze X<\/li>\n<li>Obr\u00f3t gimbala o 320\u00b0 dla doskona\u0142ej stabilizacji obrazu<\/li>\n<li>Idealnie nadaje si\u0119 do profesjonalnych zastosowa\u0144 filmowych, mapowania\/modelowania 3D oraz dzia\u0142a\u0144 poszukiwawczo-ratowniczych<\/li>\n<\/ul>","protected":false},"excerpt":{"rendered":"<p>Kamera E90 to szerokok\u0105tna kamera o wysokiej rozdzielczo\u015bci, idealna do zastosowa\u0144, w kt\u00f3rych wymagana jest wysoka jako\u015b\u0107 zdj\u0119\u0107 i nagra\u0144 wideo. W modelu E90X zastosowano 1-calow\u0105 matryc\u0119 CMOS o rozdzielczo\u015bci 20 MP oraz najnowszy, szybki uk\u0142ad przetwarzania obrazu H2. Funkcja zoomu cyfrowego pozwala u\u017cytkownikowi na powi\u0119kszanie i pomniejszanie obrazu dwoma palcami do 8x.<\/p>","protected":false},"featured_media":1475,"template":"","meta":{"_et_pb_use_builder":"off","_et_pb_old_content":"De E90-camera is een groothoek camera met een hoge resolutie die perfect geschikt is voor gebruik in toepassingen waar foto en video opnames van hoge kwaliteit worden verlangt. De E90X maakt gebruik van een 20 MP 1-inch CMOS sensor en de nieuwste H2 high-speed beeldverwerkingschip. Met de digitale zoomfunctie kan de gebruiker in- en uitzoomen met twee vingers tot maximaal 8x.\r\n\r\n<strong>Eigenschappen<\/strong>\r\n<ul>\r\n \t<li>20 megapixel \/ 4K-resolutie bij 60 frames per seconde<\/li>\r\n \t<li>1 \u201c CMOS-sensor<\/li>\r\n \t<li>Digitale zoom tot 8x<\/li>\r\n \t<li>23 mm lens met weinig vervorming<\/li>\r\n \t<li>30-pins X-connector<\/li>\r\n \t<li>320 \u00b0 rotatie van de gimbal voor perfecte beeldstabilisatie<\/li>\r\n \t<li>Uitermate geschikt voor professionele filmtoepassingen, 3D-mapping \/ -modellering en zoek- en reddingsacties<\/li>\r\n<\/ul>","_et_gb_content_width":"","inline_featured_image":false},"product_brand":[],"product_cat":[39],"product_tag":[],"class_list":{"0":"post-1442","1":"product","2":"type-product","3":"status-publish","4":"has-post-thumbnail","6":"product_cat-payloads","8":"first","9":"instock","10":"taxable","11":"shipping-taxable","12":"purchasable","13":"product-type-simple"},"_links":{"self":[{"href":"https:\/\/droneplaza.eu\/pl\/wp-json\/wp\/v2\/product\/1442","targetHints":{"allow":["GET"]}}],"collection":[{"href":"https:\/\/droneplaza.eu\/pl\/wp-json\/wp\/v2\/product"}],"about":[{"href":"https:\/\/droneplaza.eu\/pl\/wp-json\/wp\/v2\/types\/product"}],"wp:featuredmedia":[{"embeddable":true,"href":"https:\/\/droneplaza.eu\/pl\/wp-json\/wp\/v2\/media\/1475"}],"wp:attachment":[{"href":"https:\/\/droneplaza.eu\/pl\/wp-json\/wp\/v2\/media?parent=1442"}],"wp:term":[{"taxonomy":"product_brand","embeddable":true,"href":"https:\/\/droneplaza.eu\/pl\/wp-json\/wp\/v2\/product_brand?post=1442"},{"taxonomy":"product_cat","embeddable":true,"href":"https:\/\/droneplaza.eu\/pl\/wp-json\/wp\/v2\/product_cat?post=1442"},{"taxonomy":"product_tag","embeddable":true,"href":"https:\/\/droneplaza.eu\/pl\/wp-json\/wp\/v2\/product_tag?post=1442"}],"curies":[{"name":"wp","href":"https:\/\/api.w.org\/{rel}","templated":true}]}}