{"id":1444,"date":"2024-04-27T01:43:16","date_gmt":"2024-04-27T01:43:16","guid":{"rendered":"https:\/\/droneplaza.eu\/?post_type=product&#038;p=1444"},"modified":"2024-04-27T01:47:51","modified_gmt":"2024-04-27T01:47:51","slug":"e20-pro","status":"publish","type":"product","link":"https:\/\/droneplaza.eu\/pl\/produkt\/e20-pro\/","title":{"rendered":"E20 PRO"},"content":{"rendered":"<h3 class=\"p1\"><span class=\"s1\">Rozwi\u0105zanie termowizyjne IP-X4 dla kamer Yuneec H520E i H850<\/span><\/h3>\n<p class=\"p1\"><span class=\"s1\">De E20TVX-PRO NETD camera voor de H520E &amp; H850 wordt geleverd met een resolutie van 640&#215;512 en met de mogelijkheid om temperatuurgegevens vast te leggen voor een kwantitatieve beoordeling. De RGB-camera met restlicht heeft een 20x hogere gevoeligheid dan het menselijk oog en legt beelden van hoge kwaliteit vast, zelfs bij zeer weinig licht.<br \/>\n<\/span><span class=\"s1\">Kamera jest ma\u0142a, lekka, a jej wysoka czu\u0142o\u015b\u0107 sprawia, \u017ce jest niezawodnym narz\u0119dziem do szczeg\u00f3\u0142owego rozpoznawania obiekt\u00f3w docelowych.<\/span><\/p>\n<p class=\"p1\"><strong><span class=\"s1\">W pe\u0142ni radiometryczny<br \/>\n<\/span><\/strong><span class=\"s1\">Dzi\u0119ki technologii radiometrycznej, kamera E20Tvx-pro mo\u017ce mierzy\u0107 temperatur\u0119 obszaru poprzez interpretacj\u0119 intensywno\u015bci sygna\u0142u podczerwieni docieraj\u0105cego do kamery.<br \/>\n<\/span><span class=\"s1\">Kamera gromadzi dane dla ka\u017cdego piksela obrazu, kt\u00f3re mo\u017cna nast\u0119pnie \u0142atwo przes\u0142a\u0107 do standardowego oprogramowania w celu dalszej i dok\u0142adnej analizy i raport\u00f3w.<\/span><\/p>\n<p class=\"p1\"><span class=\"s1\">Najwa\u017cniejsze cechy:<\/span><\/p>\n<ul>\n<li class=\"p1\"><span class=\"s1\">8-krotny zoom cyfrowy<\/span><\/li>\n<li class=\"p1\"><span class=\"s1\">IPX4<\/span><\/li>\n<li class=\"p1\"><span class=\"s1\">Wysoka czu\u0142o\u015b\u0107 zapewnia wyra\u017ane i szczeg\u00f3\u0142owe rozpoznawanie cel\u00f3w.<\/span><\/li>\n<li class=\"p1\"><span class=\"s1\">Szczeg\u00f3\u0142owy i dok\u0142adny pomiar temperatury dla ka\u017cdego piksela.<\/span><\/li>\n<li class=\"p1\"><span class=\"s1\">Palety kolor\u00f3w dostosowane do wymaga\u0144 zadania.<\/span><\/li>\n<li class=\"p1\"><span class=\"s1\">Regulowane tryby wzmocnienia do zmiany zakresu mierzonej temperatury.<\/span><\/li>\n<li class=\"p1\"><span class=\"s1\">Dok\u0142adna analiza po locie z wymiernymi danymi.<\/span><\/li>\n<li class=\"p1\"><span class=\"s1\">Nadaje si\u0119 do zada\u0144 inspekcyjnych (budynki, panele s\u0142oneczne i linie energetyczne), poszukiwa\u0144 i ratownictwa, gaszenia po\u017car\u00f3w i egzekwowania prawa.<\/span><\/li>\n<li class=\"p1\"><span class=\"s1\">Kamera jest kompatybilna z modelami H520E i H850<\/span><\/li>\n<\/ul>","protected":false},"excerpt":{"rendered":"<p class=\"p1\"><span class=\"s1\">Rozwi\u0105zanie termowizyjne IP-X4 dla kamer Yuneec H520E i H850<br \/>\n<\/span><span class=\"s1\">Kamera E20TVX-PRO NETD dla H520E i H850 ma rozdzielczo\u015b\u0107 640\u00d7512 i mo\u017cliwo\u015b\u0107 przechwytywania danych temperatury do oceny ilo\u015bciowej.<\/span><\/p>","protected":false},"featured_media":1483,"template":"","meta":{"_et_pb_use_builder":"","_et_pb_old_content":"","_et_gb_content_width":"","inline_featured_image":false},"product_brand":[],"product_cat":[39],"product_tag":[],"class_list":{"0":"post-1444","1":"product","2":"type-product","3":"status-publish","4":"has-post-thumbnail","6":"product_cat-payloads","8":"first","9":"instock","10":"taxable","11":"shipping-taxable","12":"purchasable","13":"product-type-simple"},"_links":{"self":[{"href":"https:\/\/droneplaza.eu\/pl\/wp-json\/wp\/v2\/product\/1444","targetHints":{"allow":["GET"]}}],"collection":[{"href":"https:\/\/droneplaza.eu\/pl\/wp-json\/wp\/v2\/product"}],"about":[{"href":"https:\/\/droneplaza.eu\/pl\/wp-json\/wp\/v2\/types\/product"}],"wp:featuredmedia":[{"embeddable":true,"href":"https:\/\/droneplaza.eu\/pl\/wp-json\/wp\/v2\/media\/1483"}],"wp:attachment":[{"href":"https:\/\/droneplaza.eu\/pl\/wp-json\/wp\/v2\/media?parent=1444"}],"wp:term":[{"taxonomy":"product_brand","embeddable":true,"href":"https:\/\/droneplaza.eu\/pl\/wp-json\/wp\/v2\/product_brand?post=1444"},{"taxonomy":"product_cat","embeddable":true,"href":"https:\/\/droneplaza.eu\/pl\/wp-json\/wp\/v2\/product_cat?post=1444"},{"taxonomy":"product_tag","embeddable":true,"href":"https:\/\/droneplaza.eu\/pl\/wp-json\/wp\/v2\/product_tag?post=1444"}],"curies":[{"name":"wp","href":"https:\/\/api.w.org\/{rel}","templated":true}]}}