{"id":1445,"date":"2024-04-27T01:43:16","date_gmt":"2024-04-27T01:43:16","guid":{"rendered":"https:\/\/droneplaza.eu\/?post_type=product&#038;p=1445"},"modified":"2025-11-11T18:38:29","modified_gmt":"2025-11-11T18:38:29","slug":"atl-102sv3","status":"publish","type":"product","link":"https:\/\/droneplaza.eu\/pl\/produkt\/atl-102sv3\/","title":{"rendered":"ATL 102SV3"},"content":{"rendered":"<h4>Pomiary terenu za pomoc\u0105 dron\u00f3w s\u0105 bardziej skomplikowane ni\u017c zrobienie kilku zdj\u0119\u0107 z g\u00f3ry.<\/h4>\n<p class=\"p1\">Geodeci i specjali\u015bci GIS stawiaj\u0105 najwy\u017csze wymagania swoim narz\u0119dziom i swojemu rzemios\u0142u.<br \/>\nNic dziwnego, \u017ce wielu geodet\u00f3w u\u017cywa naszych dron\u00f3w do mapowania i modelowania 3D.<br \/>\nDrony geodezyjne konsekwentnie osi\u0105gaj\u0105 wyniki, kt\u00f3re spe\u0142niaj\u0105 standardy dok\u0142adno\u015bci geodezyjnej, a w por\u00f3wnaniu z tradycyjnymi technikami geodezyjnymi, drony skracaj\u0105 czas, zmniejszaj\u0105 koszty i nak\u0142ad pracy.<br \/>\nPomiary terenu za pomoc\u0105 dron\u00f3w s\u0105 bardziej skomplikowane ni\u017c zrobienie kilku zdj\u0119\u0107 z g\u00f3ry.<br \/>\nWymaganych jest kilka krok\u00f3w, pocz\u0105wszy od przygotowania naziemnych punkt\u00f3w kontrolnych, planowania misji i<br \/>\nprzetwarzanie zarejestrowanych obraz\u00f3w za pomoc\u0105 oprogramowania \"geodezyjnego\".<\/p>\n<p>&nbsp;<\/p>\n<div class=\"wpb_text_column wpb_content_element\">\n<div class=\"wpb_wrapper\">\n<h4 class=\"white-text\">Czym jest fotografia uko\u015bna<\/h4>\n<\/div>\n<\/div>\n<div class=\"wpb_text_column wpb_content_element\">\n<div class=\"wpb_wrapper\">\n<p>Fotografia uko\u015bna to technika, kt\u00f3ra mo\u017ce by\u0107 wykorzystywana w modelowaniu 3D, gdzie obrazy s\u0105 rejestrowane przez pi\u0119\u0107 obiektyw\u00f3w. Obiektywy te s\u0105 montowane razem w uk\u0142adzie o sta\u0142ych k\u0105tach osi.<br \/>\nObrazy te ujawniaj\u0105 szczeg\u00f3\u0142y czasami pomijane podczas fotografowania tylko w pionie, takie jak elementy ukryte przez ro\u015blinno\u015b\u0107 lub wysokie konstrukcje.<\/p>\n<p>Kamera uko\u015bna ATL 102S V3 wykorzystuje mechaniczn\u0105 konfiguracj\u0119 z pi\u0119cioma kamerami w sta\u0142ych pozycjach w konfiguracji krzy\u017cowej; jedna kamera po\u015brodku<br \/>\njest otoczona przez cztery inne kamery, przedni\u0105, tyln\u0105, lew\u0105 i praw\u0105, rozmieszczone w r\u00f3wnych odst\u0119pach pod k\u0105tem 90 stopni. System ten umieszcza kamer\u0119 centraln\u0105 pod<br \/>\nk\u0105t uko\u015bny, w kt\u00f3rym k\u0105t \"nadir\" (punkt bezpo\u015brednio pod kamer\u0105 na poziomie gruntu) znajduje si\u0119 w znanym, sta\u0142ym punkcie kadru.<\/p>\n<\/div>\n<\/div>","protected":false},"excerpt":{"rendered":"<p>Geodeci i specjali\u015bci GIS stawiaj\u0105 najwy\u017csze wymagania swoim narz\u0119dziom i swojemu rzemios\u0142u.<br \/>\nFotografia uko\u015bna to technika, kt\u00f3ra mo\u017ce by\u0107 wykorzystywana w modelowaniu 3D, gdzie obrazy s\u0105 rejestrowane przez pi\u0119\u0107 obiektyw\u00f3w.<br \/>\n5-k\u0105tna kamera uko\u015bna do wydajnych pomiar\u00f3w i cyfrowych bli\u017aniak\u00f3w.<\/p>","protected":false},"featured_media":1487,"template":"","meta":{"_et_pb_use_builder":"","_et_pb_old_content":"","_et_gb_content_width":"","inline_featured_image":false},"product_brand":[],"product_cat":[39],"product_tag":[],"class_list":{"0":"post-1445","1":"product","2":"type-product","3":"status-publish","4":"has-post-thumbnail","6":"product_cat-payloads","8":"first","9":"outofstock","10":"taxable","11":"shipping-taxable","12":"purchasable","13":"product-type-simple"},"_links":{"self":[{"href":"https:\/\/droneplaza.eu\/pl\/wp-json\/wp\/v2\/product\/1445","targetHints":{"allow":["GET"]}}],"collection":[{"href":"https:\/\/droneplaza.eu\/pl\/wp-json\/wp\/v2\/product"}],"about":[{"href":"https:\/\/droneplaza.eu\/pl\/wp-json\/wp\/v2\/types\/product"}],"wp:featuredmedia":[{"embeddable":true,"href":"https:\/\/droneplaza.eu\/pl\/wp-json\/wp\/v2\/media\/1487"}],"wp:attachment":[{"href":"https:\/\/droneplaza.eu\/pl\/wp-json\/wp\/v2\/media?parent=1445"}],"wp:term":[{"taxonomy":"product_brand","embeddable":true,"href":"https:\/\/droneplaza.eu\/pl\/wp-json\/wp\/v2\/product_brand?post=1445"},{"taxonomy":"product_cat","embeddable":true,"href":"https:\/\/droneplaza.eu\/pl\/wp-json\/wp\/v2\/product_cat?post=1445"},{"taxonomy":"product_tag","embeddable":true,"href":"https:\/\/droneplaza.eu\/pl\/wp-json\/wp\/v2\/product_tag?post=1445"}],"curies":[{"name":"wp","href":"https:\/\/api.w.org\/{rel}","templated":true}]}}