{"id":1446,"date":"2024-04-27T01:43:17","date_gmt":"2024-04-27T01:43:17","guid":{"rendered":"https:\/\/droneplaza.eu\/?post_type=product&#038;p=1446"},"modified":"2025-11-11T18:36:58","modified_gmt":"2025-11-11T18:36:58","slug":"etx-lite","status":"publish","type":"product","link":"https:\/\/droneplaza.eu\/pl\/produkt\/etx-lite\/","title":{"rendered":"ETX Lite"},"content":{"rendered":"<p>Kamera termowizyjna ETX-lite do dron\u00f3w H520E i H850.<\/p>\n<p>De camera voor de H520E &amp; H850 heeft een resolutie van 256&#215;192 en de mogelijkheid om temperatuurgegevens vast te leggen voor een kwantitatieve beoordeling. De RGB-camera met restlicht heeft een 20x hogere gevoeligheid dan het menselijk oog en legt beelden van hoge kwaliteit vast, zelfs bij zeer weinig licht. Hij is klein, licht en dankzij zijn hoge gevoeligheid is het een betrouwbaar instrument dat doelobjecten duidelijk in detail herkent.<\/p>\n<p><strong>Najwa\u017cniejsze cechy:<\/strong><\/p>\n<ul>\n<li>Wysoka czu\u0142o\u015b\u0107 zapewnia wyra\u017ane i szczeg\u00f3\u0142owe rozpoznawanie cel\u00f3w.<\/li>\n<li>Szczeg\u00f3\u0142owy i dok\u0142adny pomiar temperatury dla ka\u017cdego piksela.<\/li>\n<li>Palety kolor\u00f3w dostosowane do wymaga\u0144 pracy.<\/li>\n<li>Regulowane tryby wzmocnienia do zmiany zakresu mierzonej temperatury.<\/li>\n<li>Dok\u0142adna analiza po locie z wymiernymi danymi.<\/li>\n<li>Nadaje si\u0119 do zada\u0144 inspekcyjnych (budynki, panele s\u0142oneczne i linie energetyczne), poszukiwa\u0144 i ratownictwa, gaszenia po\u017car\u00f3w i egzekwowania prawa.<\/li>\n<\/ul>","protected":false},"excerpt":{"rendered":"<p>Kamera termowizyjna ETX-lite do dron\u00f3w H520E i H850.<br \/>\nKamera ma wysok\u0105 czu\u0142o\u015b\u0107, co zapewnia wyra\u017ane i szczeg\u00f3\u0142owe rozpoznawanie cel\u00f3w.<br \/>\nNadaje si\u0119 do zada\u0144 inspekcyjnych (budynki, panele s\u0142oneczne i linie energetyczne), poszukiwa\u0144 i ratownictwa, gaszenia po\u017car\u00f3w i egzekwowania prawa.<\/p>","protected":false},"featured_media":1492,"template":"","meta":{"_et_pb_use_builder":"","_et_pb_old_content":"","_et_gb_content_width":"","inline_featured_image":false},"product_brand":[],"product_cat":[39],"product_tag":[],"class_list":{"0":"post-1446","1":"product","2":"type-product","3":"status-publish","4":"has-post-thumbnail","6":"product_cat-payloads","8":"first","9":"outofstock","10":"taxable","11":"shipping-taxable","12":"purchasable","13":"product-type-simple"},"_links":{"self":[{"href":"https:\/\/droneplaza.eu\/pl\/wp-json\/wp\/v2\/product\/1446","targetHints":{"allow":["GET"]}}],"collection":[{"href":"https:\/\/droneplaza.eu\/pl\/wp-json\/wp\/v2\/product"}],"about":[{"href":"https:\/\/droneplaza.eu\/pl\/wp-json\/wp\/v2\/types\/product"}],"wp:featuredmedia":[{"embeddable":true,"href":"https:\/\/droneplaza.eu\/pl\/wp-json\/wp\/v2\/media\/1492"}],"wp:attachment":[{"href":"https:\/\/droneplaza.eu\/pl\/wp-json\/wp\/v2\/media?parent=1446"}],"wp:term":[{"taxonomy":"product_brand","embeddable":true,"href":"https:\/\/droneplaza.eu\/pl\/wp-json\/wp\/v2\/product_brand?post=1446"},{"taxonomy":"product_cat","embeddable":true,"href":"https:\/\/droneplaza.eu\/pl\/wp-json\/wp\/v2\/product_cat?post=1446"},{"taxonomy":"product_tag","embeddable":true,"href":"https:\/\/droneplaza.eu\/pl\/wp-json\/wp\/v2\/product_tag?post=1446"}],"curies":[{"name":"wp","href":"https:\/\/api.w.org\/{rel}","templated":true}]}}