{"id":1447,"date":"2024-04-27T01:43:17","date_gmt":"2024-04-27T01:43:17","guid":{"rendered":"https:\/\/droneplaza.eu\/?post_type=product&#038;p=1447"},"modified":"2025-11-11T18:35:44","modified_gmt":"2025-11-11T18:35:44","slug":"lidar-gs-100c","status":"publish","type":"product","link":"https:\/\/droneplaza.eu\/pl\/produkt\/lidar-gs-100c\/","title":{"rendered":"LiDAR GS-100C"},"content":{"rendered":"<p><strong>Dzi\u0119ki naszemu wysokowydajnemu modu\u0142owi LiDAR Payload mo\u017cesz wykonywa\u0107 najdok\u0142adniejsze pomiary w niespotykany dot\u0105d spos\u00f3b. Modu\u0142 integruje si\u0119 p\u0142ynnie z Yuneec H850, tworz\u0105c pot\u0119\u017cnego drona LiDAR.<\/strong><\/p>\n<p>Dzi\u0119ki naszej zaawansowanej technologii LiDAR, dron wyposa\u017cony w \u0142adunek LiDAR Payload dostarcza dane z dok\u0142adno\u015bci\u0105 do submilimetra, umo\u017cliwiaj\u0105c zbieranie szczeg\u00f3\u0142owych i wiarygodnych danych do niezliczonych zastosowa\u0144, od cyfrowych bli\u017aniak\u00f3w po mapowanie topograficzne i monitorowanie \u015brodowiska.<br \/>\nDe Payload is ontworpen met compatibiliteit in gedachten. Zo kan onze LiDAR Payload moeiteloos worden bevestigd onder jouw Yuneec H850 Drone. Geen gedoe, geen compromissen &#8211; alleen vlekkeloze samenwerking voor indrukwekkende resultaten.<br \/>\nZoptymalizuj swoje projekty, zbieraj\u0105c wysokiej jako\u015bci dane i oszcz\u0119dzaj\u0105c czas i pieni\u0105dze. Dron Yuneec H850 w po\u0142\u0105czeniu z \u0142adunkiem LiDAR odci\u0105\u017ca Ci\u0119 od pracy, dzi\u0119ki czemu mo\u017cesz cieszy\u0107 si\u0119 usprawnionym przep\u0142ywem pracy.<\/p>\n<p>Niezale\u017cnie od tego, czy pracujesz nad geodezj\u0105, planowaniem urbanistycznym, le\u015bnictwem czy \u015bledzeniem zmian w infrastrukturze, nasz LiDAR Payload oferuje elastyczno\u015b\u0107 i dok\u0142adno\u015b\u0107 potrzebn\u0105 do sprostania ka\u017cdemu wyzwaniu bez wysi\u0142ku.<\/p>","protected":false},"excerpt":{"rendered":"<p>Wysokowydajny LiDAR Payload umo\u017cliwia wykonywanie najdok\u0142adniejszych pomiar\u00f3w w niespotykany dot\u0105d spos\u00f3b. Modu\u0142 integruje si\u0119 p\u0142ynnie z Yuneec H850, tworz\u0105c pot\u0119\u017cnego drona LiDAR.<br \/>\nZoptymalizuj swoje projekty poprzez gromadzenie wysokiej jako\u015bci danych, oszcz\u0119dzaj\u0105c czas i pieni\u0105dze.<\/p>","protected":false},"featured_media":1496,"template":"","meta":{"_et_pb_use_builder":"","_et_pb_old_content":"","_et_gb_content_width":"","inline_featured_image":false},"product_brand":[],"product_cat":[39],"product_tag":[],"class_list":{"0":"post-1447","1":"product","2":"type-product","3":"status-publish","4":"has-post-thumbnail","6":"product_cat-payloads","8":"first","9":"outofstock","10":"taxable","11":"shipping-taxable","12":"purchasable","13":"product-type-simple"},"_links":{"self":[{"href":"https:\/\/droneplaza.eu\/pl\/wp-json\/wp\/v2\/product\/1447","targetHints":{"allow":["GET"]}}],"collection":[{"href":"https:\/\/droneplaza.eu\/pl\/wp-json\/wp\/v2\/product"}],"about":[{"href":"https:\/\/droneplaza.eu\/pl\/wp-json\/wp\/v2\/types\/product"}],"wp:featuredmedia":[{"embeddable":true,"href":"https:\/\/droneplaza.eu\/pl\/wp-json\/wp\/v2\/media\/1496"}],"wp:attachment":[{"href":"https:\/\/droneplaza.eu\/pl\/wp-json\/wp\/v2\/media?parent=1447"}],"wp:term":[{"taxonomy":"product_brand","embeddable":true,"href":"https:\/\/droneplaza.eu\/pl\/wp-json\/wp\/v2\/product_brand?post=1447"},{"taxonomy":"product_cat","embeddable":true,"href":"https:\/\/droneplaza.eu\/pl\/wp-json\/wp\/v2\/product_cat?post=1447"},{"taxonomy":"product_tag","embeddable":true,"href":"https:\/\/droneplaza.eu\/pl\/wp-json\/wp\/v2\/product_tag?post=1447"}],"curies":[{"name":"wp","href":"https:\/\/api.w.org\/{rel}","templated":true}]}}