{"id":150,"date":"2024-03-31T02:24:56","date_gmt":"2024-03-31T02:24:56","guid":{"rendered":"https:\/\/droneplaza.eu\/?post_type=product&#038;p=150"},"modified":"2024-03-31T02:24:56","modified_gmt":"2024-03-31T02:24:56","slug":"ladowarka-samochodowa-evo-ii","status":"publish","type":"product","link":"https:\/\/droneplaza.eu\/pl\/produkt\/ladowarka-samochodowa-evo-ii\/","title":{"rendered":"\u0141adowarka samochodowa EVO II"},"content":{"rendered":"<p>Wej\u015bcie: od 12,5 V do 17,2 V<\/p>\n<p>Wyj\u015bcie g\u0142\u00f3wne: 13,2 V, 5 A<\/p>\n<p>Wyj\u015bcie USB: 5 V, 3 A; 9 V, 2 A; 12 V, 1,5 A<\/p>\n<p>Czas \u0142adowania: oko\u0142o 90 minut (czas \u0142adowania mo\u017ce si\u0119 nieznacznie r\u00f3\u017cni\u0107 w zale\u017cno\u015bci od poziomu na\u0142adowania baterii i temperatury otoczenia).<\/p>\n<p>Czas \u0142adowania pilota zdalnego sterowania: ok. 120 min (po wy\u0142\u0105czeniu)<\/p>","protected":false},"excerpt":{"rendered":"<p>\u0141adowarka samochodowa EVO II s\u0142u\u017cy do \u0142adowania akumulatora drona za pomoc\u0105 zapalniczki samochodowej. \u0141adowarka samochodowa EVO II oferuje dodatkowy port USB, dzi\u0119ki czemu mo\u017cna jednocze\u015bnie \u0142adowa\u0107 pilota zdalnego sterowania. \u0141adowarka posiada zabezpieczenie przed zbyt niskim napi\u0119ciem, dzi\u0119ki czemu samoch\u00f3d ma wystarczaj\u0105ce napi\u0119cie do uruchomienia. Co wi\u0119cej, zabezpieczenie przed przegrzaniem \u0142adowarki automatycznie zatrzymuje \u0142adowanie akumulatora, je\u015bli temperatura styku zapalniczki przekroczy okre\u015blon\u0105 warto\u015b\u0107.<\/p>","protected":false},"featured_media":151,"template":"","meta":{"_et_pb_use_builder":"","_et_pb_old_content":"","_et_gb_content_width":"","inline_featured_image":false},"product_brand":[],"product_cat":[22,23],"product_tag":[],"class_list":{"0":"post-150","1":"product","2":"type-product","3":"status-publish","4":"has-post-thumbnail","6":"product_cat-autel-accessoires","7":"product_cat-evo-ii","9":"first","10":"instock","11":"taxable","12":"shipping-taxable","13":"purchasable","14":"product-type-simple"},"_links":{"self":[{"href":"https:\/\/droneplaza.eu\/pl\/wp-json\/wp\/v2\/product\/150","targetHints":{"allow":["GET"]}}],"collection":[{"href":"https:\/\/droneplaza.eu\/pl\/wp-json\/wp\/v2\/product"}],"about":[{"href":"https:\/\/droneplaza.eu\/pl\/wp-json\/wp\/v2\/types\/product"}],"wp:featuredmedia":[{"embeddable":true,"href":"https:\/\/droneplaza.eu\/pl\/wp-json\/wp\/v2\/media\/151"}],"wp:attachment":[{"href":"https:\/\/droneplaza.eu\/pl\/wp-json\/wp\/v2\/media?parent=150"}],"wp:term":[{"taxonomy":"product_brand","embeddable":true,"href":"https:\/\/droneplaza.eu\/pl\/wp-json\/wp\/v2\/product_brand?post=150"},{"taxonomy":"product_cat","embeddable":true,"href":"https:\/\/droneplaza.eu\/pl\/wp-json\/wp\/v2\/product_cat?post=150"},{"taxonomy":"product_tag","embeddable":true,"href":"https:\/\/droneplaza.eu\/pl\/wp-json\/wp\/v2\/product_tag?post=150"}],"curies":[{"name":"wp","href":"https:\/\/api.w.org\/{rel}","templated":true}]}}