{"id":1533,"date":"2024-04-27T02:42:33","date_gmt":"2024-04-27T02:42:33","guid":{"rendered":"https:\/\/droneplaza.eu\/?post_type=product&#038;p=1533"},"modified":"2025-11-11T18:27:26","modified_gmt":"2025-11-11T18:27:26","slug":"yuneec-h520e","status":"publish","type":"product","link":"https:\/\/droneplaza.eu\/pl\/produkt\/yuneec-h520e\/","title":{"rendered":"Yuneec H520E"},"content":{"rendered":"<p>Zaprojektowany specjalnie do komercyjnych zastosowa\u0144 dron\u00f3w, heksakopter Yuneec H520E zapewnia zespo\u0142om naziemnym SAR, inspektorom, policji, stra\u017cakom i zespo\u0142om geodezyjnym wszechstronne narz\u0119dzie. H520E to solidna, wydajna i elastyczna platforma UAV, kt\u00f3r\u0105 mo\u017cna idealnie dostosowa\u0107 do indywidualnych wymaga\u0144, umo\u017cliwiaj\u0105c r\u00f3\u017cnorodne zastosowania bran\u017cowe. D\u0142ugi czas lotu i wysokowydajne systemy kamer z wbudowanymi danymi GPS zapewniaj\u0105 szybkie i dok\u0142adne rejestrowanie obszaru, a precyzyjny kompas bez zak\u0142\u00f3ce\u0144 pozwala nawet w trudnych do latania \u015brodowiskach. Opr\u00f3cz wydajno\u015bci i elastyczno\u015bci, podczas opracowywania platformy du\u017cy nacisk po\u0142o\u017cono na bezpiecze\u0144stwo lotu i danych drona.<\/p>","protected":false},"excerpt":{"rendered":"<p>Yuneec H520E to wszechstronny profesjonalny dron, idealny do fotografii lotniczej, wideografii, zarz\u0105dzania dzik\u0105 przyrod\u0105, fotografii nieruchomo\u015bci oraz poszukiwa\u0144 i ratownictwa.<br \/>\nDron charakteryzuje si\u0119 d\u0142ugim czasem lotu wynosz\u0105cym do 25 minut, maksymalnym zasi\u0119giem transmisji wynosz\u0105cym 7 km oraz wbudowanym systemem GPS, kt\u00f3ry pozwala na precyzyjn\u0105 kontrol\u0119 lotu.<br \/>\nH520E jest kompatybilny z szerok\u0105 gam\u0105 \u0142adunk\u00f3w i akcesori\u00f3w, w tym kamer\u0105 termowizyjn\u0105, obiektywem zmiennoogniskowym i nie tylko.<\/p>","protected":false},"featured_media":1536,"template":"","meta":{"_et_pb_use_builder":"off","_et_pb_old_content":"De Yuneec H520E drone Hexacopter is speciaal ontwikkeld voor commerci\u00eble drone toepassingen en biedt SAR-grondteams, inspecteurs, politie, brandweer en landmeetkundige teams een veelzijdige tool. De H520E is een robuust, krachtig en flexibel UAV-platform dat ideaal kan worden aangepast aan individuele vereisten en zo een verscheidenheid aan branchespecifieke toepassingen mogelijk maakt. Lange vluchttijden en hoogwaardige camerasystemen met ingebouwde GPS-gegevens zorgen ervoor dat een gebied snel en nauwkeurig kan worden geregistreerd, terwijl het storingsvrije precisiekompas zelfs in een voorheen moeilijk te vliegen omgeving mogelijk maakt. Naast de prestaties en flexibiliteit werd er bij de ontwikkeling van het platform veel nadruk gelegd op de vlucht- en gegevensbeveiliging van de drone.","_et_gb_content_width":"","inline_featured_image":false},"product_brand":[],"product_cat":[43],"product_tag":[44,45,46],"class_list":{"0":"post-1533","1":"product","2":"type-product","3":"status-publish","4":"has-post-thumbnail","6":"product_cat-yuneec-drone","7":"product_tag-drone","8":"product_tag-drones","9":"product_tag-professionele-drone","10":"product_shipping_class-nl-zwaar","12":"first","13":"outofstock","14":"taxable","15":"shipping-taxable","16":"purchasable","17":"product-type-simple"},"_links":{"self":[{"href":"https:\/\/droneplaza.eu\/pl\/wp-json\/wp\/v2\/product\/1533","targetHints":{"allow":["GET"]}}],"collection":[{"href":"https:\/\/droneplaza.eu\/pl\/wp-json\/wp\/v2\/product"}],"about":[{"href":"https:\/\/droneplaza.eu\/pl\/wp-json\/wp\/v2\/types\/product"}],"wp:featuredmedia":[{"embeddable":true,"href":"https:\/\/droneplaza.eu\/pl\/wp-json\/wp\/v2\/media\/1536"}],"wp:attachment":[{"href":"https:\/\/droneplaza.eu\/pl\/wp-json\/wp\/v2\/media?parent=1533"}],"wp:term":[{"taxonomy":"product_brand","embeddable":true,"href":"https:\/\/droneplaza.eu\/pl\/wp-json\/wp\/v2\/product_brand?post=1533"},{"taxonomy":"product_cat","embeddable":true,"href":"https:\/\/droneplaza.eu\/pl\/wp-json\/wp\/v2\/product_cat?post=1533"},{"taxonomy":"product_tag","embeddable":true,"href":"https:\/\/droneplaza.eu\/pl\/wp-json\/wp\/v2\/product_tag?post=1533"}],"curies":[{"name":"wp","href":"https:\/\/api.w.org\/{rel}","templated":true}]}}