{"id":1534,"date":"2024-04-27T02:42:33","date_gmt":"2024-04-27T02:42:33","guid":{"rendered":"https:\/\/droneplaza.eu\/?post_type=product&#038;p=1534"},"modified":"2024-04-27T02:43:50","modified_gmt":"2024-04-27T02:43:50","slug":"yuneec-h520e-rtk","status":"publish","type":"product","link":"https:\/\/droneplaza.eu\/pl\/produkt\/yuneec-h520e-rtk\/","title":{"rendered":"Yuneec H520E RTK"},"content":{"rendered":"<p>Dron z kamer\u0105 Yuneec H520E dost\u0119pny jest r\u00f3wnie\u017c w wariancie z obs\u0142ug\u0105 RTK. System ten pozwala na wykonywanie pomiar\u00f3w fotogrametrycznych o wyj\u0105tkowej precyzji, w zakresie 1-1,5 cm. System idealnie nadaje si\u0119 dla geodet\u00f3w i innych u\u017cytkownik\u00f3w, kt\u00f3rzy chc\u0105 generowa\u0107 profesjonalne, dok\u0142adne ortofotomapy, modele 3D lub inn\u0105 dokumentacj\u0119 geodezyjn\u0105 lub budowlan\u0105. Dodatkowo, zastosowanie RTK umo\u017cliwia popraw\u0119 stabilno\u015bci drona w miejscach, w kt\u00f3rych mog\u0105 wyst\u0105pi\u0107 b\u0142\u0119dy w odczycie pozycji z GPS z powodu odbitych sygna\u0142\u00f3w (tzw. b\u0142\u0105d wielo\u015bcie\u017ckowy), np. przy wysokich budynkach lub na terenach g\u00f3rzystych.<\/p>","protected":false},"excerpt":{"rendered":"<p>Dron Yuneec H520E RTK jest idealny do pomiar\u00f3w, mapowania i inspekcji. Ten dron jest wyposa\u017cony w modu\u0142 RTK, kt\u00f3ry zapewnia dok\u0142adno\u015b\u0107 na poziomie centymetra. H520E RTK posiada r\u00f3wnie\u017c wiele inteligentnych tryb\u00f3w lotu, kt\u00f3re sprawiaj\u0105, \u017ce dron jest \u0142atwy w obs\u0142udze nawet w z\u0142o\u017conych \u015brodowiskach. Yuneec H520E RTK jest kompatybilny z szerok\u0105 gam\u0105 \u0142adunk\u00f3w i akcesori\u00f3w, w tym kamer\u0105 termowizyjn\u0105, obiektywem zmiennoogniskowym i nie tylko.<\/p>","protected":false},"featured_media":1540,"template":"","meta":{"_et_pb_use_builder":"off","_et_pb_old_content":"De H520E Hexacopter is speciaal ontwikkeld voor commerci\u00eble drone toepassingen en biedt SAR-grondteams, inspecteurs, politie, brandweer en landmeetkundige teams een veelzijdige tool. De H520E is een robuust, krachtig en flexibel UAV-platform dat ideaal kan worden aangepast aan individuele vereisten en zo een verscheidenheid aan branchespecifieke toepassingen mogelijk maakt. Lange vluchttijden en hoogwaardige camerasystemen met ingebouwde GPS-gegevens zorgen ervoor dat een gebied snel en nauwkeurig kan worden geregistreerd, terwijl het storingsvrije precisiekompas zelfs in voorheen moeilijk te vliegen omgevingen mogelijk maakt. Naast de prestaties en flexibiliteit werd er bij de ontwikkeling van het platform veel nadruk gelegd op de vlucht- en gegevensbeveiliging van de drone. <a href=\"https:\/\/spotterinternational.nl\/wp-content\/uploads\/2020\/11\/H520E-drone.pdf\" target=\"_blank\" rel=\"noopener noreferrer\">Brochure\u00a0H520E<\/a> \u00a0\/ \u00a0 <a href=\"https:\/\/spotterinternational.nl\/wp-content\/uploads\/2020\/10\/yuneec-h520E-specs.pdf\" target=\"_blank\" rel=\"noopener noreferrer\">Specificaties<\/a>","_et_gb_content_width":"","inline_featured_image":false},"product_brand":[],"product_cat":[43],"product_tag":[46],"class_list":{"0":"post-1534","1":"product","2":"type-product","3":"status-publish","4":"has-post-thumbnail","6":"product_cat-yuneec-drone","7":"product_tag-professionele-drone","8":"product_shipping_class-nl-zwaar","10":"first","11":"instock","12":"taxable","13":"shipping-taxable","14":"purchasable","15":"product-type-simple"},"_links":{"self":[{"href":"https:\/\/droneplaza.eu\/pl\/wp-json\/wp\/v2\/product\/1534","targetHints":{"allow":["GET"]}}],"collection":[{"href":"https:\/\/droneplaza.eu\/pl\/wp-json\/wp\/v2\/product"}],"about":[{"href":"https:\/\/droneplaza.eu\/pl\/wp-json\/wp\/v2\/types\/product"}],"wp:featuredmedia":[{"embeddable":true,"href":"https:\/\/droneplaza.eu\/pl\/wp-json\/wp\/v2\/media\/1540"}],"wp:attachment":[{"href":"https:\/\/droneplaza.eu\/pl\/wp-json\/wp\/v2\/media?parent=1534"}],"wp:term":[{"taxonomy":"product_brand","embeddable":true,"href":"https:\/\/droneplaza.eu\/pl\/wp-json\/wp\/v2\/product_brand?post=1534"},{"taxonomy":"product_cat","embeddable":true,"href":"https:\/\/droneplaza.eu\/pl\/wp-json\/wp\/v2\/product_cat?post=1534"},{"taxonomy":"product_tag","embeddable":true,"href":"https:\/\/droneplaza.eu\/pl\/wp-json\/wp\/v2\/product_tag?post=1534"}],"curies":[{"name":"wp","href":"https:\/\/api.w.org\/{rel}","templated":true}]}}