{"id":1535,"date":"2024-04-27T02:42:34","date_gmt":"2024-04-27T02:42:34","guid":{"rendered":"https:\/\/droneplaza.eu\/?post_type=product&#038;p=1535"},"modified":"2025-11-11T18:25:45","modified_gmt":"2025-11-11T18:25:45","slug":"yuneec-h850-rtk","status":"publish","type":"product","link":"https:\/\/droneplaza.eu\/pl\/produkt\/yuneec-h850-rtk\/","title":{"rendered":"Yuneec H850 RTK"},"content":{"rendered":"<div class=\"page\" title=\"Strona 1\">\n<div class=\"layoutArea\">\n<div class=\"column\">\n<p>Dron H850-RTK z kamer\u0105 o r\u00f3\u017cnym ud\u017awigu zosta\u0142 specjalnie zaprojektowany z my\u015bl\u0105 o inspekcjach, pomiarach, poszukiwaniu i ratowaniu ludzi i zwierz\u0105t oraz zastosowaniach zwi\u0105zanych z bezpiecze\u0144stwem publicznym.<br \/>\nNasza konstrukcja heksakoptera zapewnia wi\u0119ksze bezpiecze\u0144stwo, moc, wydajno\u015b\u0107, stabilno\u015b\u0107 i zdolno\u015b\u0107 do przenoszenia ci\u0119\u017cszych \u0142adunk\u00f3w.<\/p>\n<p>W zale\u017cno\u015bci od \u0142adunku i warunk\u00f3w pogodowych mo\u017cliwy jest czas lotu do 65 minut. Wszystkie \u0142adunki u\u017cyteczne H520E s\u0105 kompatybilne z H850-RTK. U\u0142atwia to korzystanie z naszych \u0142adunk\u00f3w na dw\u00f3ch r\u00f3\u017cnych platformach: H520E i H850.<\/p>\n<p>Opr\u00f3cz wydajno\u015bci i elastyczno\u015bci \u0142adunku, podczas opracowywania H850 du\u017cy nacisk po\u0142o\u017cono na bezpiecze\u0144stwo lotu i danych. Dane lotu nale\u017c\u0105 do Ciebie i nikogo innego.<br \/>\nH850 jest wyposa\u017cony w podw\u00f3jny IMU, kompas, barometr, podw\u00f3jne anteny RTK i dwie inteligentne baterie. Nawet przy uruchomionych tylko pi\u0119ciu silnikach mo\u017cna bezpiecznie wyl\u0105dowa\u0107 H850. Jednym klikni\u0119ciem mo\u017cna zainstalowa\u0107 zdalne urz\u0105dzenie identyfikacyjne Drone-Tag z certyfikatem YCAP, kt\u00f3re stanie si\u0119 obowi\u0105zkowe w Europie w 2024 roku.<\/p>\n<\/div>\n<\/div>\n<\/div>","protected":false},"excerpt":{"rendered":"<p>Yuneec H850E RTK to profesjonalny dron o wysokiej wydajno\u015bci, idealny do wymagaj\u0105cych zastosowa\u0144 komercyjnych, takich jak pomiary, mapowanie i inspekcje. Posiada pot\u0119\u017cny modu\u0142 RTK, kt\u00f3ry zapewnia dok\u0142adno\u015b\u0107 na poziomie centymetra.<br \/>\nDla tego drona dost\u0119pnych jest wiele \u0142adunk\u00f3w, mi\u0119dzy innymi do poszukiwa\u0144 i ratownictwa, obserwacji wydarze\u0144, nadzoru i bezpiecze\u0144stwa.<\/p>","protected":false},"featured_media":1544,"template":"","meta":{"_et_pb_use_builder":"","_et_pb_old_content":"","_et_gb_content_width":"","inline_featured_image":false},"product_brand":[],"product_cat":[43],"product_tag":[],"class_list":{"0":"post-1535","1":"product","2":"type-product","3":"status-publish","4":"has-post-thumbnail","6":"product_cat-yuneec-drone","8":"first","9":"outofstock","10":"taxable","11":"shipping-taxable","12":"purchasable","13":"product-type-simple"},"_links":{"self":[{"href":"https:\/\/droneplaza.eu\/pl\/wp-json\/wp\/v2\/product\/1535","targetHints":{"allow":["GET"]}}],"collection":[{"href":"https:\/\/droneplaza.eu\/pl\/wp-json\/wp\/v2\/product"}],"about":[{"href":"https:\/\/droneplaza.eu\/pl\/wp-json\/wp\/v2\/types\/product"}],"wp:featuredmedia":[{"embeddable":true,"href":"https:\/\/droneplaza.eu\/pl\/wp-json\/wp\/v2\/media\/1544"}],"wp:attachment":[{"href":"https:\/\/droneplaza.eu\/pl\/wp-json\/wp\/v2\/media?parent=1535"}],"wp:term":[{"taxonomy":"product_brand","embeddable":true,"href":"https:\/\/droneplaza.eu\/pl\/wp-json\/wp\/v2\/product_brand?post=1535"},{"taxonomy":"product_cat","embeddable":true,"href":"https:\/\/droneplaza.eu\/pl\/wp-json\/wp\/v2\/product_cat?post=1535"},{"taxonomy":"product_tag","embeddable":true,"href":"https:\/\/droneplaza.eu\/pl\/wp-json\/wp\/v2\/product_tag?post=1535"}],"curies":[{"name":"wp","href":"https:\/\/api.w.org\/{rel}","templated":true}]}}