{"id":155,"date":"2024-03-31T02:39:21","date_gmt":"2024-03-31T02:39:21","guid":{"rendered":"https:\/\/droneplaza.eu\/?post_type=product&#038;p=155"},"modified":"2024-03-31T02:39:33","modified_gmt":"2024-03-31T02:39:33","slug":"evo-ii-rugged-bundle-case-dla-2-dronow","status":"publish","type":"product","link":"https:\/\/droneplaza.eu\/pl\/produkt\/evo-ii-rugged-bundle-case-dla-2-dronow\/","title":{"rendered":"Wytrzyma\u0142e etui EVO II dla 2 dron\u00f3w"},"content":{"rendered":"<p>Nadaje si\u0119 do przechowywania poni\u017cszych cz\u0119\u015bci<br \/>\n2 samoloty z serii Autel EVO II<br \/>\n2 piloty EVO<br \/>\n7 baterii (2 zainstalowane i 5 zapasowych)<br \/>\n2 systemy o\u015bwietlenia EVO II<br \/>\n1 \u0141adowarka<br \/>\n1 koncentrator \u0142adowania<br \/>\n1 uchwyt na kart\u0119 SD<br \/>\n-Dolna szuflada<br \/>\n1 Tablet (10,5&#8242; of kleiner) of gimbalbescherming<br \/>\n1 Pok\u0142ad na \u017cywo<br \/>\nZapasowe \u015bmig\u0142a<br \/>\nFiltry UV\/ND<br \/>\nKabel USB i akcesoria<\/p>","protected":false},"excerpt":{"rendered":"<p>Walizka transportowa odpowiednia dla dw\u00f3ch dron\u00f3w<br \/>\nOtwory na k\u0142\u00f3dk\u0119, w tym klipsy zabezpieczaj\u0105ce k\u0142\u00f3dk\u0119 ze stali nierdzewnej<\/p>\n<p>Wodo- i py\u0142oszczelna konstrukcja (MIL-C-4150J)<br \/>\nFormowany zawias dla dodatkowej ochrony<br \/>\nSystem zwalniania spustu<br \/>\nZatrzaskowy, gumowy uchwyt z formowan\u0105 poduszk\u0105<br \/>\nZaw\u00f3r wyr\u00f3wnuj\u0105cy ci\u015bnienie otoczenia (MIL-STD-648C)<br \/>\nOdporno\u015b\u0107 na promieniowanie UV, rozpuszczalniki, korozj\u0119, ple\u015b\u0144 (MIL-STD-810F)<br \/>\nOdporno\u015b\u0107 na uszkodzenia udarowe (MIL-STD-810F)<br \/>\nDo\u017cywotnia gwarancja wymiany od GPC<\/p>","protected":false},"featured_media":156,"template":"","meta":{"_et_pb_use_builder":"","_et_pb_old_content":"","_et_gb_content_width":"","inline_featured_image":false},"product_brand":[],"product_cat":[22,23],"product_tag":[],"class_list":{"0":"post-155","1":"product","2":"type-product","3":"status-publish","4":"has-post-thumbnail","6":"product_cat-autel-accessoires","7":"product_cat-evo-ii","9":"first","10":"instock","11":"taxable","12":"shipping-taxable","13":"purchasable","14":"product-type-simple"},"_links":{"self":[{"href":"https:\/\/droneplaza.eu\/pl\/wp-json\/wp\/v2\/product\/155","targetHints":{"allow":["GET"]}}],"collection":[{"href":"https:\/\/droneplaza.eu\/pl\/wp-json\/wp\/v2\/product"}],"about":[{"href":"https:\/\/droneplaza.eu\/pl\/wp-json\/wp\/v2\/types\/product"}],"wp:featuredmedia":[{"embeddable":true,"href":"https:\/\/droneplaza.eu\/pl\/wp-json\/wp\/v2\/media\/156"}],"wp:attachment":[{"href":"https:\/\/droneplaza.eu\/pl\/wp-json\/wp\/v2\/media?parent=155"}],"wp:term":[{"taxonomy":"product_brand","embeddable":true,"href":"https:\/\/droneplaza.eu\/pl\/wp-json\/wp\/v2\/product_brand?post=155"},{"taxonomy":"product_cat","embeddable":true,"href":"https:\/\/droneplaza.eu\/pl\/wp-json\/wp\/v2\/product_cat?post=155"},{"taxonomy":"product_tag","embeddable":true,"href":"https:\/\/droneplaza.eu\/pl\/wp-json\/wp\/v2\/product_tag?post=155"}],"curies":[{"name":"wp","href":"https:\/\/api.w.org\/{rel}","templated":true}]}}