{"id":1574,"date":"2024-04-27T03:20:07","date_gmt":"2024-04-27T03:20:07","guid":{"rendered":"https:\/\/droneplaza.eu\/?post_type=product&#038;p=1574"},"modified":"2025-11-11T18:23:58","modified_gmt":"2025-11-11T18:23:58","slug":"walizka-transportowa-yuneec-h520e","status":"publish","type":"product","link":"https:\/\/droneplaza.eu\/pl\/produkt\/walizka-transportowa-yuneec-h520e\/","title":{"rendered":"Walizka transportowa Yuneec H520E"},"content":{"rendered":"<p>Walizka transportowa do H520 \/ Typhoon H Plus zapewnia ochron\u0119 sprz\u0119tu r\u00f3wnie\u017c w podr\u00f3\u017cy. Wytrzyma\u0142a walizka na k\u00f3\u0142kach oferuje wystarczaj\u0105co du\u017co miejsca na ca\u0142y sprz\u0119t H520, a tak\u017ce inne akcesoria. Dopasowana wk\u0142adka z pianki oraz py\u0142oszczelny i wodoodporny materia\u0142 zapewniaj\u0105 bezpiecze\u0144stwo sprz\u0119tu w ka\u017cdych warunkach. Walizka jest zamykana na k\u0142\u00f3dk\u0119 i wyposa\u017cona w gumowe uchwyty.<\/p>\n<p>- Wytrzyma\u0142a walizka z uchwytem na k\u00f3\u0142kach do e H520 lub Typhoon H Plus<br \/>\n- Wykonana na zam\u00f3wienie piankowa wk\u0142adka zapewnia miejsce na: hexacopter H520 \/ Typhoon H Plus, 2x kamer\u0119, 2x nadajnik ST16S, 6x dodatkowe baterie, \u015bmig\u0142a i inne akcesoria<br \/>\n- Py\u0142oszczelny i wodoodporny materia\u0142<br \/>\n- Zamykany<br \/>\n- Gumowane i ergonomiczne uchwyty<br \/>\n- Waga: 8,23 kg<br \/>\n- Wymiary: 619x495x366 mm (d\u0142. x szer. x wys.)<\/p>","protected":false},"excerpt":{"rendered":"<p>Walizka transportowa do H520 \/ Typhoon H Plus zapewnia ochron\u0119 sprz\u0119tu r\u00f3wnie\u017c w podr\u00f3\u017cy. Wytrzyma\u0142a walizka na k\u00f3\u0142kach oferuje wystarczaj\u0105co du\u017co miejsca na ca\u0142y sprz\u0119t H520, a tak\u017ce inne akcesoria. Dopasowana wk\u0142adka z pianki oraz py\u0142oszczelny i wodoodporny materia\u0142 zapewniaj\u0105 bezpiecze\u0144stwo sprz\u0119tu w ka\u017cdych warunkach.<\/p>","protected":false},"featured_media":1595,"template":"","meta":{"_et_pb_use_builder":"","_et_pb_old_content":"","_et_gb_content_width":"","inline_featured_image":false},"product_brand":[],"product_cat":[48,49],"product_tag":[],"class_list":{"0":"post-1574","1":"product","2":"type-product","3":"status-publish","4":"has-post-thumbnail","6":"product_cat-h520e","7":"product_cat-yuneec-accessoires","9":"first","10":"outofstock","11":"taxable","12":"shipping-taxable","13":"purchasable","14":"product-type-simple"},"_links":{"self":[{"href":"https:\/\/droneplaza.eu\/pl\/wp-json\/wp\/v2\/product\/1574","targetHints":{"allow":["GET"]}}],"collection":[{"href":"https:\/\/droneplaza.eu\/pl\/wp-json\/wp\/v2\/product"}],"about":[{"href":"https:\/\/droneplaza.eu\/pl\/wp-json\/wp\/v2\/types\/product"}],"wp:featuredmedia":[{"embeddable":true,"href":"https:\/\/droneplaza.eu\/pl\/wp-json\/wp\/v2\/media\/1595"}],"wp:attachment":[{"href":"https:\/\/droneplaza.eu\/pl\/wp-json\/wp\/v2\/media?parent=1574"}],"wp:term":[{"taxonomy":"product_brand","embeddable":true,"href":"https:\/\/droneplaza.eu\/pl\/wp-json\/wp\/v2\/product_brand?post=1574"},{"taxonomy":"product_cat","embeddable":true,"href":"https:\/\/droneplaza.eu\/pl\/wp-json\/wp\/v2\/product_cat?post=1574"},{"taxonomy":"product_tag","embeddable":true,"href":"https:\/\/droneplaza.eu\/pl\/wp-json\/wp\/v2\/product_tag?post=1574"}],"curies":[{"name":"wp","href":"https:\/\/api.w.org\/{rel}","templated":true}]}}