{"id":1575,"date":"2024-04-27T03:20:07","date_gmt":"2024-04-27T03:20:07","guid":{"rendered":"https:\/\/droneplaza.eu\/?post_type=product&#038;p=1575"},"modified":"2024-04-27T03:22:13","modified_gmt":"2024-04-27T03:22:13","slug":"podwojna-ladowarka-yuneec-h520e","status":"publish","type":"product","link":"https:\/\/droneplaza.eu\/pl\/produkt\/podwojna-ladowarka-yuneec-h520e\/","title":{"rendered":"Podw\u00f3jna \u0142adowarka Yuneec H520E"},"content":{"rendered":"<p>Nowa podw\u00f3jna \u0142adowarka DY5 umo\u017cliwia szybkie i \u0142atwe \u0142adowanie dw\u00f3ch akumulator\u00f3w YUNEEC H520 lub Typhoon H Plus jednocze\u015bnie. Obs\u0142uga systemu jest prosta - umie\u015b\u0107 baterie w prefabrykowanych komorach baterii, a podw\u00f3jna \u0142adowarka DY5 automatycznie rozpocznie \u0142adowanie baterii. \u0141adowarka DY5 jest wyposa\u017cona w dwa oddzielne kolorowe ekrany, kt\u00f3re wy\u015bwietlaj\u0105 czas \u0142adowania, napi\u0119cie ogniw i pojemno\u015b\u0107 baterii w czasie rzeczywistym. Za pomoc\u0105 wbudowanego wyj\u015bcia USB mo\u017cna r\u00f3wnie\u017c \u0142adowa\u0107 dodatkowe urz\u0105dzenia, takie jak pilot zdalnego sterowania ST16S.<br \/>\nWygodna funkcja \"przechowywania\" przygotowuje ogniwa akumulatora do optymalnych warunk\u00f3w przechowywania. Jest to szczeg\u00f3lnie przydatne, je\u015bli nie chcesz u\u017cywa\u0107 akumulatora przez jaki\u015b czas.<\/p>\n<p>- Podw\u00f3jna \u0142adowarka - obw\u00f3d szybkiego \u0142adowania do szybkiego \u0142adowania akumulator\u00f3w H520 lub Typhoon H Plus<br \/>\n- Podw\u00f3jny kolorowy wy\u015bwietlacz TFT do wy\u015bwietlania czasu \u0142adowania, napi\u0119cia ogniwa, pojemno\u015bci akumulatora w czasie rzeczywistym i procentowej pojemno\u015bci.<br \/>\n- Funkcja zapewniaj\u0105ca optymaln\u0105 pojemno\u015b\u0107<br \/>\n- Wej\u015bcie AC 100-240 V dla kompatybilno\u015bci na ca\u0142ym \u015bwiecie<br \/>\n- Zabezpieczenie przed zwarciem, przet\u0119\u017ceniem i przegrzaniem<br \/>\n- Wyj\u015bcie USB<\/p>","protected":false},"excerpt":{"rendered":"<p>Nowa podw\u00f3jna \u0142adowarka DY5 umo\u017cliwia szybkie i \u0142atwe \u0142adowanie dw\u00f3ch akumulator\u00f3w YUNEEC H520 lub Typhoon H Plus jednocze\u015bnie. Obs\u0142uga systemu jest prosta - umie\u015b\u0107 baterie w prefabrykowanych komorach baterii, a podw\u00f3jna \u0142adowarka DY5 automatycznie rozpocznie \u0142adowanie baterii.<\/p>","protected":false},"featured_media":1599,"template":"","meta":{"_et_pb_use_builder":"on","_et_pb_old_content":"Met de nieuwe DY5 dubbele oplader kunt u snel en eenvoudig twee YUNEEC H520- of Typhoon H Plus-accu's tegelijkertijd opladen. Het systeem bedienen is eenvoudig - Plaats de batterijen in de geprefabriceerde batterijcompartimenten en de DY5 dubbele oplader begint uw batterijen automatisch op te laden. De DY5 is uitgerust met twee aparte kleurenschermen die de laadtijd, celspanning en real-time batterijcapaciteit weergeven. Daarnaast laad je extra apparaten zoals de ST16S afstandsbediening op via de ingebouwde usb uitgang.\r\nDe comfortabele \"opslag\" -functie bereidt uw batterijcellen voor op optimale opslagomstandigheden. Vooral handig als u uw batterij een tijdje niet wilt gebruiken.\r\n\r\n- Dubbele oplader - snellaadcircuit voor het snel opladen van H520- of Typhoon H Plus-batterijen\r\n- Dubbel TFT-kleurenscherm voor het weergeven van laadtijd, celspanning, real-time batterijcapaciteit en capaciteitspercentage\r\n- Functie om een \u200b\u200boptimale opslagcapaciteit te cre\u00ebren\r\n- Wisselstroomingang 100-240V voor wereldwijde compatibiliteit\r\n- Bescherming tegen kortsluiting, overstroom en te hoge temperatuuruitval\r\n- USB-uitgang","_et_gb_content_width":"","inline_featured_image":false},"product_brand":[],"product_cat":[49],"product_tag":[],"class_list":{"0":"post-1575","1":"product","2":"type-product","3":"status-publish","4":"has-post-thumbnail","6":"product_cat-yuneec-accessoires","8":"first","9":"instock","10":"taxable","11":"shipping-taxable","12":"purchasable","13":"product-type-simple"},"_links":{"self":[{"href":"https:\/\/droneplaza.eu\/pl\/wp-json\/wp\/v2\/product\/1575","targetHints":{"allow":["GET"]}}],"collection":[{"href":"https:\/\/droneplaza.eu\/pl\/wp-json\/wp\/v2\/product"}],"about":[{"href":"https:\/\/droneplaza.eu\/pl\/wp-json\/wp\/v2\/types\/product"}],"wp:featuredmedia":[{"embeddable":true,"href":"https:\/\/droneplaza.eu\/pl\/wp-json\/wp\/v2\/media\/1599"}],"wp:attachment":[{"href":"https:\/\/droneplaza.eu\/pl\/wp-json\/wp\/v2\/media?parent=1575"}],"wp:term":[{"taxonomy":"product_brand","embeddable":true,"href":"https:\/\/droneplaza.eu\/pl\/wp-json\/wp\/v2\/product_brand?post=1575"},{"taxonomy":"product_cat","embeddable":true,"href":"https:\/\/droneplaza.eu\/pl\/wp-json\/wp\/v2\/product_cat?post=1575"},{"taxonomy":"product_tag","embeddable":true,"href":"https:\/\/droneplaza.eu\/pl\/wp-json\/wp\/v2\/product_tag?post=1575"}],"curies":[{"name":"wp","href":"https:\/\/api.w.org\/{rel}","templated":true}]}}