{"id":1578,"date":"2024-04-27T03:20:08","date_gmt":"2024-04-27T03:20:08","guid":{"rendered":"https:\/\/droneplaza.eu\/?post_type=product&#038;p=1578"},"modified":"2024-04-27T03:22:59","modified_gmt":"2024-04-27T03:22:59","slug":"plecak-yuneec-h520-series","status":"publish","type":"product","link":"https:\/\/droneplaza.eu\/pl\/produkt\/plecak-yuneec-h520-series\/","title":{"rendered":"Plecak Yuneec z serii H520"},"content":{"rendered":"<h4>Plecak na drona z serii Typhoon H3 i H520<\/h4>\n<ul>\n<li>Uchwyt u g\u00f3ry u\u0142atwiaj\u0105cy przenoszenie plecaka<\/li>\n<li>D\u0142ugi zamek b\u0142yskawiczny dla \u0142atwego dost\u0119pu do wszystkich cz\u0119\u015bci drona<\/li>\n<li>D-ringi do mocowania ma\u0142ych dodatkowych urz\u0105dze\u0144 foto\/wideo do plecaka<\/li>\n<li>Lekki i zatwierdzony do u\u017cytku w kabinie samolotu<\/li>\n<li>Kieszenie boczne po lewej i prawej stronie na drobne akcesoria lub butelk\u0119 ulubionego napoju w podr\u00f3\u017cy<\/li>\n<\/ul>","protected":false},"excerpt":{"rendered":"<p>Plecak na drona z serii Typhoon H3 i H520.<br \/>\nLekki i zatwierdzony do u\u017cytku w kabinie samolotu.<\/p>","protected":false},"featured_media":1605,"template":"","meta":{"inline_featured_image":false},"product_brand":[],"product_cat":[49],"product_tag":[],"class_list":{"0":"post-1578","1":"product","2":"type-product","3":"status-publish","4":"has-post-thumbnail","6":"product_cat-yuneec-accessoires","8":"first","9":"instock","10":"taxable","11":"shipping-taxable","12":"purchasable","13":"product-type-simple"},"_links":{"self":[{"href":"https:\/\/droneplaza.eu\/pl\/wp-json\/wp\/v2\/product\/1578","targetHints":{"allow":["GET"]}}],"collection":[{"href":"https:\/\/droneplaza.eu\/pl\/wp-json\/wp\/v2\/product"}],"about":[{"href":"https:\/\/droneplaza.eu\/pl\/wp-json\/wp\/v2\/types\/product"}],"wp:featuredmedia":[{"embeddable":true,"href":"https:\/\/droneplaza.eu\/pl\/wp-json\/wp\/v2\/media\/1605"}],"wp:attachment":[{"href":"https:\/\/droneplaza.eu\/pl\/wp-json\/wp\/v2\/media?parent=1578"}],"wp:term":[{"taxonomy":"product_brand","embeddable":true,"href":"https:\/\/droneplaza.eu\/pl\/wp-json\/wp\/v2\/product_brand?post=1578"},{"taxonomy":"product_cat","embeddable":true,"href":"https:\/\/droneplaza.eu\/pl\/wp-json\/wp\/v2\/product_cat?post=1578"},{"taxonomy":"product_tag","embeddable":true,"href":"https:\/\/droneplaza.eu\/pl\/wp-json\/wp\/v2\/product_tag?post=1578"}],"curies":[{"name":"wp","href":"https:\/\/api.w.org\/{rel}","templated":true}]}}