{"id":1580,"date":"2024-04-27T03:20:09","date_gmt":"2024-04-27T03:20:09","guid":{"rendered":"https:\/\/droneplaza.eu\/?post_type=product&#038;p=1580"},"modified":"2024-04-27T03:23:24","modified_gmt":"2024-04-27T03:23:24","slug":"smigla-typ-b-h520e-rtk-typhoon-h3","status":"publish","type":"product","link":"https:\/\/droneplaza.eu\/pl\/produkt\/smigla-typ-b-h520e-rtk-typhoon-h3\/","title":{"rendered":"\u015amig\u0142a typu B H520E \/ RTK, Typhoon H3"},"content":{"rendered":"<h3 class=\"short-desc\">\u015amig\u0142a Yuneec Quick-Release B, opakowanie 3 szt.<\/h3>\n<p>3 lu\u017ane \u015bmig\u0142a B, obracaj\u0105ce si\u0119 w kierunku przeciwnym do ruchu wskaz\u00f3wek zegara, do dron\u00f3w Yuneec H520E \/ RTK i Typhoon H3.<\/p>","protected":false},"excerpt":{"rendered":"<p>3 lu\u017ane \u015bmig\u0142a B, obracaj\u0105ce si\u0119 w kierunku przeciwnym do ruchu wskaz\u00f3wek zegara, do dron\u00f3w Yuneec H520E \/ RTK i Typhoon H3.<\/p>","protected":false},"featured_media":1610,"template":"","meta":{"_et_pb_use_builder":"","_et_pb_old_content":"","_et_gb_content_width":"","inline_featured_image":false},"product_brand":[],"product_cat":[48,49],"product_tag":[],"class_list":{"0":"post-1580","1":"product","2":"type-product","3":"status-publish","4":"has-post-thumbnail","6":"product_cat-h520e","7":"product_cat-yuneec-accessoires","9":"first","10":"instock","11":"taxable","12":"shipping-taxable","13":"purchasable","14":"product-type-simple"},"_links":{"self":[{"href":"https:\/\/droneplaza.eu\/pl\/wp-json\/wp\/v2\/product\/1580","targetHints":{"allow":["GET"]}}],"collection":[{"href":"https:\/\/droneplaza.eu\/pl\/wp-json\/wp\/v2\/product"}],"about":[{"href":"https:\/\/droneplaza.eu\/pl\/wp-json\/wp\/v2\/types\/product"}],"wp:featuredmedia":[{"embeddable":true,"href":"https:\/\/droneplaza.eu\/pl\/wp-json\/wp\/v2\/media\/1610"}],"wp:attachment":[{"href":"https:\/\/droneplaza.eu\/pl\/wp-json\/wp\/v2\/media?parent=1580"}],"wp:term":[{"taxonomy":"product_brand","embeddable":true,"href":"https:\/\/droneplaza.eu\/pl\/wp-json\/wp\/v2\/product_brand?post=1580"},{"taxonomy":"product_cat","embeddable":true,"href":"https:\/\/droneplaza.eu\/pl\/wp-json\/wp\/v2\/product_cat?post=1580"},{"taxonomy":"product_tag","embeddable":true,"href":"https:\/\/droneplaza.eu\/pl\/wp-json\/wp\/v2\/product_tag?post=1580"}],"curies":[{"name":"wp","href":"https:\/\/api.w.org\/{rel}","templated":true}]}}