{"id":1589,"date":"2024-04-27T03:20:10","date_gmt":"2024-04-27T03:20:10","guid":{"rendered":"https:\/\/droneplaza.eu\/?post_type=product&#038;p=1589"},"modified":"2025-11-11T18:16:11","modified_gmt":"2025-11-11T18:16:11","slug":"yuneec-h850-pojedynczy-gimbal-do-duzych-obciazen","status":"publish","type":"product","link":"https:\/\/droneplaza.eu\/pl\/produkt\/yuneec-h850-pojedynczy-gimbal-do-duzych-obciazen\/","title":{"rendered":"Yuneec H850 Pojedynczy gimbal do du\u017cych obci\u0105\u017ce\u0144"},"content":{"rendered":"<p>Mocowanie gimbala dla \u0142adunk\u00f3w o maksymalnej wadze do 3 kg<\/p>\n<p>H850 Heavy Alu Payload Gimbal Mount<\/p>","protected":false},"excerpt":{"rendered":"<p>Mocowanie gimbala dla \u0142adunk\u00f3w o maksymalnej wadze do 3 kg<\/p>","protected":false},"featured_media":1626,"template":"","meta":{"inline_featured_image":false},"product_brand":[],"product_cat":[37,49],"product_tag":[],"class_list":{"0":"post-1589","1":"product","2":"type-product","3":"status-publish","4":"has-post-thumbnail","6":"product_cat-h850-rtk","7":"product_cat-yuneec-accessoires","9":"first","10":"outofstock","11":"taxable","12":"shipping-taxable","13":"purchasable","14":"product-type-simple"},"_links":{"self":[{"href":"https:\/\/droneplaza.eu\/pl\/wp-json\/wp\/v2\/product\/1589","targetHints":{"allow":["GET"]}}],"collection":[{"href":"https:\/\/droneplaza.eu\/pl\/wp-json\/wp\/v2\/product"}],"about":[{"href":"https:\/\/droneplaza.eu\/pl\/wp-json\/wp\/v2\/types\/product"}],"wp:featuredmedia":[{"embeddable":true,"href":"https:\/\/droneplaza.eu\/pl\/wp-json\/wp\/v2\/media\/1626"}],"wp:attachment":[{"href":"https:\/\/droneplaza.eu\/pl\/wp-json\/wp\/v2\/media?parent=1589"}],"wp:term":[{"taxonomy":"product_brand","embeddable":true,"href":"https:\/\/droneplaza.eu\/pl\/wp-json\/wp\/v2\/product_brand?post=1589"},{"taxonomy":"product_cat","embeddable":true,"href":"https:\/\/droneplaza.eu\/pl\/wp-json\/wp\/v2\/product_cat?post=1589"},{"taxonomy":"product_tag","embeddable":true,"href":"https:\/\/droneplaza.eu\/pl\/wp-json\/wp\/v2\/product_tag?post=1589"}],"curies":[{"name":"wp","href":"https:\/\/api.w.org\/{rel}","templated":true}]}}