{"id":169,"date":"2024-03-31T03:08:36","date_gmt":"2024-03-31T03:08:36","guid":{"rendered":"https:\/\/droneplaza.eu\/?post_type=product&#038;p=169"},"modified":"2024-03-31T03:10:57","modified_gmt":"2024-03-31T03:10:57","slug":"zestaw-oswietleniowy-evo-ii-foxfury","status":"publish","type":"product","link":"https:\/\/droneplaza.eu\/pl\/produkt\/zestaw-oswietleniowy-evo-ii-foxfury\/","title":{"rendered":"Zestaw o\u015bwietleniowy EVO II FoxFury"},"content":{"rendered":"<p>-Dwie lampy w jednej<br \/>\n-360\u02da migaj\u0105ce \u015bwiat\u0142o<br \/>\n-1,5 &#8211; 3 uur batterijduur<br \/>\n-Trzy tryby pod\u015bwietlenia: niski, wysoki i stroboskopowy<br \/>\n-60 &#8211; 200 lumen<br \/>\n-5.700K wit gebalanceerde LED&#8217;s<br \/>\nAkumulator LiPo na\u0142adowany w 1,5 godziny<br \/>\nOdporno\u015b\u0107 na wod\u0119 i wstrz\u0105sy<br \/>\nWi\u0105zka monta\u017cowa pasuje do 7 lamp LED<br \/>\n-Zakres temperatur pracy: od -4\u00b0F (-20\u00b0C) do 300\u00b0F (149\u00b0C)<\/p>","protected":false},"excerpt":{"rendered":"<p>Zaprojektowany do obs\u0142ugi ka\u017cdej misji wymagaj\u0105cej dodatkowego o\u015bwietlenia (aby spe\u0142ni\u0107 nocne wymagania FFA) - specjalnie zbudowany system o\u015bwietlenia FoxFury przenosi platform\u0119 EVO II na wy\u017cszy poziom w celu wykonywania mo\u017cliwie najbezpieczniejszych i najbardziej wydajnych lot\u00f3w. Opracowany z funkcjami statycznymi i stroboskopowymi. Daje to pilotom elastyczno\u015b\u0107 w wykonywaniu misji reagowania kryzysowego, kt\u00f3re wymagaj\u0105 integracji stroboskopu, lub sta\u0142ego o\u015bwietlenia zapewniaj\u0105cego ci\u0105g\u0142\u0105 widoczno\u015b\u0107. Aby zapewni\u0107 skalowalno\u015b\u0107, piloci mog\u0105 rozszerzy\u0107 konfiguracj\u0119 o 7 zintegrowanych jednostek o\u015bwietleniowych LED dla dodatkowego bezpiecze\u0144stwa podczas l\u0105dowania.<\/p>","protected":false},"featured_media":170,"template":"","meta":{"_et_pb_use_builder":"","_et_pb_old_content":"","_et_gb_content_width":"","inline_featured_image":false},"product_brand":[],"product_cat":[22,23],"product_tag":[],"class_list":{"0":"post-169","1":"product","2":"type-product","3":"status-publish","4":"has-post-thumbnail","6":"product_cat-autel-accessoires","7":"product_cat-evo-ii","9":"first","10":"instock","11":"taxable","12":"shipping-taxable","13":"purchasable","14":"product-type-simple"},"_links":{"self":[{"href":"https:\/\/droneplaza.eu\/pl\/wp-json\/wp\/v2\/product\/169","targetHints":{"allow":["GET"]}}],"collection":[{"href":"https:\/\/droneplaza.eu\/pl\/wp-json\/wp\/v2\/product"}],"about":[{"href":"https:\/\/droneplaza.eu\/pl\/wp-json\/wp\/v2\/types\/product"}],"wp:featuredmedia":[{"embeddable":true,"href":"https:\/\/droneplaza.eu\/pl\/wp-json\/wp\/v2\/media\/170"}],"wp:attachment":[{"href":"https:\/\/droneplaza.eu\/pl\/wp-json\/wp\/v2\/media?parent=169"}],"wp:term":[{"taxonomy":"product_brand","embeddable":true,"href":"https:\/\/droneplaza.eu\/pl\/wp-json\/wp\/v2\/product_brand?post=169"},{"taxonomy":"product_cat","embeddable":true,"href":"https:\/\/droneplaza.eu\/pl\/wp-json\/wp\/v2\/product_cat?post=169"},{"taxonomy":"product_tag","embeddable":true,"href":"https:\/\/droneplaza.eu\/pl\/wp-json\/wp\/v2\/product_tag?post=169"}],"curies":[{"name":"wp","href":"https:\/\/api.w.org\/{rel}","templated":true}]}}