{"id":189,"date":"2024-04-09T02:44:18","date_gmt":"2024-04-09T02:44:18","guid":{"rendered":"https:\/\/droneplaza.eu\/?post_type=product&#038;p=189"},"modified":"2024-07-09T17:16:54","modified_gmt":"2024-07-09T17:16:54","slug":"evo-ii-pro-6k-rugged-bundle-v3","status":"publish","type":"product","link":"https:\/\/droneplaza.eu\/pl\/produkt\/evo-ii-pro-6k-rugged-bundle-v3\/","title":{"rendered":"EVO II Pro 6K Rugged Bundle V3"},"content":{"rendered":"<ul>\n<li>Sony&#8217;s nieuwe 20 megapixel 1&#8243; CMOS-sensor die geschikt is voor 6k Ultra HD-video&#8217;s<\/li>\n<li>Regulowany zakres przys\u0142ony od f2,8 do f11 i maksymalna czu\u0142o\u015b\u0107 ISO 44 000<\/li>\n<li>12-bitowy format DNG zapewniaj\u0105cy elastyczno\u015b\u0107 w postprodukcji<\/li>\n<li>Unikanie przeszk\u00f3d 360\u00b0 z 19 grupami czujnik\u00f3w<\/li>\n<li>Czas lotu 40 minut<\/li>\n<li>Zasi\u0119g transmisji 12 km<\/li>\n<li>6,4&#8243; Smart Controller SE<\/li>\n<\/ul>","protected":false},"excerpt":{"rendered":"<h3><b>Wyj\u0105tkowa jako\u015b\u0107 obrazu<\/b><\/h3>\n<p>Dzi\u0119ki nowemu 20-megapikselowemu 1-calowemu przetwornikowi obrazu CMOS firmy Sony, EVO II Pro V3 obs\u0142uguje wideo do 6K z wi\u0119kszym zakresem dynamicznym, silniejsz\u0105 redukcj\u0105 szum\u00f3w i wi\u0119ksz\u0105 liczb\u0105 klatek na sekund\u0119. Regulowana przys\u0142ona f\/2.8-f\/11 i maksymalne ISO 44000 daj\u0105 fotografowi wi\u0119ksz\u0105 kreatywn\u0105 kontrol\u0119.<\/p>\n<ul>\n<li><b>1-calowa matryca CMOS<\/b><\/li>\n<li><b>Zdj\u0119cia 20 MP<\/b><\/li>\n<li><b>Wideo 6K\/30FPS<\/b><\/li>\n<li><b>Przys\u0142ona F2.8~F11<\/b><\/li>\n<\/ul>\n<p><a href=\"https:\/\/droneplaza.eu\/pl\/autel-evo-ii-pro-v3\/\">Czytaj wi\u0119cej .<\/a><\/p>","protected":false},"featured_media":191,"template":"","meta":{"_et_pb_use_builder":"","_et_pb_old_content":"","_et_gb_content_width":"","inline_featured_image":false},"product_brand":[],"product_cat":[18,19],"product_tag":[],"class_list":{"0":"post-189","1":"product","2":"type-product","3":"status-publish","4":"has-post-thumbnail","6":"product_cat-autel-drones","7":"product_cat-autel-evo-ii-series","9":"first","10":"instock","11":"taxable","12":"shipping-taxable","13":"purchasable","14":"product-type-simple"},"_links":{"self":[{"href":"https:\/\/droneplaza.eu\/pl\/wp-json\/wp\/v2\/product\/189","targetHints":{"allow":["GET"]}}],"collection":[{"href":"https:\/\/droneplaza.eu\/pl\/wp-json\/wp\/v2\/product"}],"about":[{"href":"https:\/\/droneplaza.eu\/pl\/wp-json\/wp\/v2\/types\/product"}],"wp:featuredmedia":[{"embeddable":true,"href":"https:\/\/droneplaza.eu\/pl\/wp-json\/wp\/v2\/media\/191"}],"wp:attachment":[{"href":"https:\/\/droneplaza.eu\/pl\/wp-json\/wp\/v2\/media?parent=189"}],"wp:term":[{"taxonomy":"product_brand","embeddable":true,"href":"https:\/\/droneplaza.eu\/pl\/wp-json\/wp\/v2\/product_brand?post=189"},{"taxonomy":"product_cat","embeddable":true,"href":"https:\/\/droneplaza.eu\/pl\/wp-json\/wp\/v2\/product_cat?post=189"},{"taxonomy":"product_tag","embeddable":true,"href":"https:\/\/droneplaza.eu\/pl\/wp-json\/wp\/v2\/product_tag?post=189"}],"curies":[{"name":"wp","href":"https:\/\/api.w.org\/{rel}","templated":true}]}}