{"id":203,"date":"2024-04-09T03:59:10","date_gmt":"2024-04-09T03:59:10","guid":{"rendered":"https:\/\/droneplaza.eu\/?post_type=product&#038;p=203"},"modified":"2024-07-09T17:28:13","modified_gmt":"2024-07-09T17:28:13","slug":"evo-max-4t","status":"publish","type":"product","link":"https:\/\/droneplaza.eu\/pl\/produkt\/evo-max-4t\/","title":{"rendered":"EVO Max 4T"},"content":{"rendered":"<ul>\n<li>Ge\u00efntegreerde groothoek-, zoom- en thermische camera&#8217;s met laserafstandsmeter<\/li>\n<li>Zasi\u0119g transmisji Autel SkyLink 3.0 | 12,4 mil<\/li>\n<li>720\u00b0 Omijanie przeszk\u00f3d<\/li>\n<li>A-Mesh 1.0 | Technologia sieciowa<\/li>\n<li>Planowanie map 3D | Wiele typ\u00f3w misji | Bezpiecze\u0144stwo danych<\/li>\n<li>Nawigacja w \u015brodowiskach obs\u0142uguj\u0105cych GPS<\/li>\n<li>Maksymalny czas lotu 42 minuty<\/li>\n<li>Stopie\u0144 ochrony IP43 i zakres temperatur -20\u00b0F\uff5e122\u00b0F<\/li>\n<\/ul>","protected":false},"excerpt":{"rendered":"<h2><b>Osi\u0105gnij nowe granice<\/b><\/h2>\n<p>Seria EVO Max oferuje zaawansowan\u0105 autonomi\u0119. Ocenia z\u0142o\u017cone \u015brodowiska, tworz\u0105c w czasie rzeczywistym tr\u00f3jwymiarowe tory lotu w celu omijania przeszk\u00f3d. Zaawansowane czujniki umo\u017cliwiaj\u0105 latanie w obszarach bez GPS, a niesamowite kamery termowizyjne i kamery nocne odblokowuj\u0105 nowe scenariusze identyfikacji i \u015bledzenia obiekt\u00f3w. Dzi\u0119ki sk\u0142adanej, odpornej na warunki atmosferyczne konstrukcji, seria ta jest r\u00f3wnie przeno\u015bna, co wydajna.<\/p>\n<p>Seria EVO Max jest jedynym komercyjnym dronem \u0142\u0105cz\u0105cym tradycyjny lornetkowy system wizyjny z technologi\u0105 radaru fal milimetrowych. Pozwala to pok\u0142adowemu silnikowi Autel Autonomy Engine wykrywa\u0107 obiekty z dok\u0142adno\u015bci\u0105 do 0,5 cala, eliminuj\u0105c martwe punkty i umo\u017cliwiaj\u0105c latanie w warunkach s\u0142abego o\u015bwietlenia lub deszczu.<\/p>\n<p><a href=\"https:\/\/droneplaza.eu\/pl\/evo-max-seria-4t-i-4n\/\">Czytaj wi\u0119cej .<\/a><\/p>","protected":false},"featured_media":204,"template":"","meta":{"_et_pb_use_builder":"","_et_pb_old_content":"","_et_gb_content_width":"","inline_featured_image":false},"product_brand":[],"product_cat":[18,25],"product_tag":[],"class_list":{"0":"post-203","1":"product","2":"type-product","3":"status-publish","4":"has-post-thumbnail","6":"product_cat-autel-drones","7":"product_cat-autel-evo-max","9":"first","10":"instock","11":"taxable","12":"shipping-taxable","13":"purchasable","14":"product-type-simple"},"_links":{"self":[{"href":"https:\/\/droneplaza.eu\/pl\/wp-json\/wp\/v2\/product\/203","targetHints":{"allow":["GET"]}}],"collection":[{"href":"https:\/\/droneplaza.eu\/pl\/wp-json\/wp\/v2\/product"}],"about":[{"href":"https:\/\/droneplaza.eu\/pl\/wp-json\/wp\/v2\/types\/product"}],"wp:featuredmedia":[{"embeddable":true,"href":"https:\/\/droneplaza.eu\/pl\/wp-json\/wp\/v2\/media\/204"}],"wp:attachment":[{"href":"https:\/\/droneplaza.eu\/pl\/wp-json\/wp\/v2\/media?parent=203"}],"wp:term":[{"taxonomy":"product_brand","embeddable":true,"href":"https:\/\/droneplaza.eu\/pl\/wp-json\/wp\/v2\/product_brand?post=203"},{"taxonomy":"product_cat","embeddable":true,"href":"https:\/\/droneplaza.eu\/pl\/wp-json\/wp\/v2\/product_cat?post=203"},{"taxonomy":"product_tag","embeddable":true,"href":"https:\/\/droneplaza.eu\/pl\/wp-json\/wp\/v2\/product_tag?post=203"}],"curies":[{"name":"wp","href":"https:\/\/api.w.org\/{rel}","templated":true}]}}