{"id":209,"date":"2024-04-09T04:29:32","date_gmt":"2024-04-09T04:29:32","guid":{"rendered":"https:\/\/droneplaza.eu\/?post_type=product&#038;p=209"},"modified":"2024-05-12T05:14:11","modified_gmt":"2024-05-12T05:14:11","slug":"evo-max-4n","status":"publish","type":"product","link":"https:\/\/droneplaza.eu\/pl\/produkt\/evo-max-4n\/","title":{"rendered":"EVO Max 4N"},"content":{"rendered":"<ul>\n<li>Kamera nocna z warto\u015bci\u0105 LUX wynosz\u0105c\u0105 zaledwie 0,0001 i zakresem ISO 100-450 000<\/li>\n<li>Doelen identificatie en &#8217;s nachts volgen<\/li>\n<li>Zasi\u0119g transmisji Autel SkyLink 3.0 | 12,4 mil<\/li>\n<li>720\u00b0 Omijanie przeszk\u00f3d<\/li>\n<li>A-Mesh 1.0 | Technologia sieciowa<\/li>\n<li>Planowanie map 3D | Wiele typ\u00f3w misji | Bezpiecze\u0144stwo danych<\/li>\n<li>Nawigacja w \u015brodowiskach obs\u0142uguj\u0105cych GPS<\/li>\n<li>Maksymalny czas lotu 42 minuty<\/li>\n<li>Stopie\u0144 ochrony IP43 i zakres temperatur -20\u00b0F\uff5e122\u00b0F<\/li>\n<\/ul>","protected":false},"excerpt":{"rendered":"<p>Kamera nocna z warto\u015bci\u0105 LUX wynosz\u0105c\u0105 zaledwie 0,0001 i zakresem ISO 100-450 000<\/p>\n<h3>Automatyczne wyszukiwanie \u015bcie\u017cki<\/h3>\n<p>Autonomy Engine firmy Autel zbiera dane \u015brodowiskowe i planuje trasy lot\u00f3w 3D w z\u0142o\u017conych \u015brodowiskach, takich jak g\u00f3ry, lasy i budynki. Zastosowania obejmuj\u0105 szybk\u0105 rekonstrukcj\u0119 sceny 3D, monitorowanie bezpiecze\u0144stwa publicznego, inspekcje przemys\u0142owe i pomiary.<\/p>\n<h3>Nawigacja w \u015brodowiskach, w kt\u00f3rych GPS nie jest dozwolony<\/h3>\n<p>Dzi\u0119ki zaawansowanym czujnikom seria EVO Max mo\u017ce nawigowa\u0107 w utwardzonych strukturach, pod ziemi\u0105 lub w \u015brodowiskach bez GPS.<\/p>\n<h3>Dok\u0142adna identyfikacja i \u015bledzenie obiekt\u00f3w<\/h3>\n<p>W oparciu o technologi\u0119 rozpoznawania AI firmy Autel, seria EVO Max mo\u017ce automatycznie identyfikowa\u0107 i blokowa\u0107 r\u00f3\u017cne typy cel\u00f3w, takie jak \u017ar\u00f3d\u0142a ciep\u0142a, poruszaj\u0105ce si\u0119 osoby lub pojazdy, a tak\u017ce \u015bledzi\u0107 i gromadzi\u0107 dane na du\u017cych wysoko\u015bciach dla organ\u00f3w \u015bcigania.<\/p>\n<p><a href=\"https:\/\/droneplaza.eu\/pl\/evo-max-seria-4t-i-4n\/\">Czytaj wi\u0119cej . . .<\/a><\/p>","protected":false},"featured_media":204,"template":"","meta":{"inline_featured_image":false},"product_brand":[],"product_cat":[18,25],"product_tag":[],"class_list":{"0":"post-209","1":"product","2":"type-product","3":"status-publish","4":"has-post-thumbnail","6":"product_cat-autel-drones","7":"product_cat-autel-evo-max","9":"first","10":"instock","11":"taxable","12":"shipping-taxable","13":"purchasable","14":"product-type-simple"},"_links":{"self":[{"href":"https:\/\/droneplaza.eu\/pl\/wp-json\/wp\/v2\/product\/209","targetHints":{"allow":["GET"]}}],"collection":[{"href":"https:\/\/droneplaza.eu\/pl\/wp-json\/wp\/v2\/product"}],"about":[{"href":"https:\/\/droneplaza.eu\/pl\/wp-json\/wp\/v2\/types\/product"}],"wp:featuredmedia":[{"embeddable":true,"href":"https:\/\/droneplaza.eu\/pl\/wp-json\/wp\/v2\/media\/204"}],"wp:attachment":[{"href":"https:\/\/droneplaza.eu\/pl\/wp-json\/wp\/v2\/media?parent=209"}],"wp:term":[{"taxonomy":"product_brand","embeddable":true,"href":"https:\/\/droneplaza.eu\/pl\/wp-json\/wp\/v2\/product_brand?post=209"},{"taxonomy":"product_cat","embeddable":true,"href":"https:\/\/droneplaza.eu\/pl\/wp-json\/wp\/v2\/product_cat?post=209"},{"taxonomy":"product_tag","embeddable":true,"href":"https:\/\/droneplaza.eu\/pl\/wp-json\/wp\/v2\/product_tag?post=209"}],"curies":[{"name":"wp","href":"https:\/\/api.w.org\/{rel}","templated":true}]}}