{"id":2207,"date":"2024-10-31T02:38:46","date_gmt":"2024-10-31T02:38:46","guid":{"rendered":"https:\/\/droneplaza.eu\/?post_type=product&#038;p=2207"},"modified":"2024-12-04T02:15:57","modified_gmt":"2024-12-04T02:15:57","slug":"evo-lite-640t-enterprise","status":"publish","type":"product","link":"https:\/\/droneplaza.eu\/pl\/produkt\/evo-lite-640t-enterprise\/","title":{"rendered":"EVO Lite 640T enterprise"},"content":{"rendered":"<ul>\n<li>Lekki i przeno\u015bny<\/li>\n<li>Prosta obs\u0142uga<\/li>\n<li>Bardzo dok\u0142adna nawigacja wizualna<\/li>\n<li>Dwuokularowe unikanie przeszk\u00f3d w trzech kierunkach<\/li>\n<li>1- 16-krotny zoom cyfrowy<\/li>\n<li>640*512 Obraz termowizyjny w podczerwieni<\/li>\n<li>Rozpoznawanie i pozycjonowanie cel\u00f3w AI<\/li>\n<li>Zasi\u0119g transmisji 12 km<\/li>\n<li>40 minut lotu<\/li>\n<\/ul>","protected":false},"excerpt":{"rendered":"<p>Seria EVO Lite Enterprise firmy Autel Robotics oferuje wiele zalet, w tym lekk\u0105 i przeno\u015bn\u0105 konstrukcj\u0119, szybkie wdra\u017canie i \u0142atw\u0105 obs\u0142ug\u0119 w zastosowaniach przemys\u0142owych. Dzi\u0119ki funkcji rozpoznawania cel\u00f3w AI samolot mo\u017ce z \u0142atwo\u015bci\u0105 identyfikowa\u0107 i automatycznie mapowa\u0107 r\u00f3\u017cne obiekty docelowe, a potr\u00f3jne unikanie przeszk\u00f3d z widzeniem lornetkowym zapewnia bezpieczne latanie. EVO Lite 640T Enterprise ma podw\u00f3jny system gimbala, z kamer\u0105 \u015bwiat\u0142a widzialnego zapewniaj\u0105c\u0105 wyra\u017ane i szczeg\u00f3\u0142owe obrazy, podczas gdy kamera termowizyjna pomaga w podejmowaniu decyzji podczas operacji.<\/p>\n<p><a href=\"https:\/\/droneplaza.eu\/pl\/seria-evo-lite-enterprise\/\">Czytaj wi\u0119cej . .<\/a><\/p>","protected":false},"featured_media":2209,"template":"","meta":{"_et_pb_use_builder":"","_et_pb_old_content":"","_et_gb_content_width":"","inline_featured_image":false},"product_brand":[],"product_cat":[18,61,17],"product_tag":[],"class_list":{"0":"post-2207","1":"product","2":"type-product","3":"status-publish","4":"has-post-thumbnail","6":"product_cat-autel-drones","7":"product_cat-autel-evo-enterprise-series","8":"product_cat-geen-categorie","10":"first","11":"instock","12":"taxable","13":"shipping-taxable","14":"purchasable","15":"product-type-variable"},"_links":{"self":[{"href":"https:\/\/droneplaza.eu\/pl\/wp-json\/wp\/v2\/product\/2207","targetHints":{"allow":["GET"]}}],"collection":[{"href":"https:\/\/droneplaza.eu\/pl\/wp-json\/wp\/v2\/product"}],"about":[{"href":"https:\/\/droneplaza.eu\/pl\/wp-json\/wp\/v2\/types\/product"}],"wp:featuredmedia":[{"embeddable":true,"href":"https:\/\/droneplaza.eu\/pl\/wp-json\/wp\/v2\/media\/2209"}],"wp:attachment":[{"href":"https:\/\/droneplaza.eu\/pl\/wp-json\/wp\/v2\/media?parent=2207"}],"wp:term":[{"taxonomy":"product_brand","embeddable":true,"href":"https:\/\/droneplaza.eu\/pl\/wp-json\/wp\/v2\/product_brand?post=2207"},{"taxonomy":"product_cat","embeddable":true,"href":"https:\/\/droneplaza.eu\/pl\/wp-json\/wp\/v2\/product_cat?post=2207"},{"taxonomy":"product_tag","embeddable":true,"href":"https:\/\/droneplaza.eu\/pl\/wp-json\/wp\/v2\/product_tag?post=2207"}],"curies":[{"name":"wp","href":"https:\/\/api.w.org\/{rel}","templated":true}]}}