{"id":2226,"date":"2024-11-01T02:10:23","date_gmt":"2024-11-01T02:10:23","guid":{"rendered":"https:\/\/droneplaza.eu\/?post_type=product&#038;p=2226"},"modified":"2024-12-04T01:57:19","modified_gmt":"2024-12-04T01:57:19","slug":"evo-lite-6k-enterprise","status":"publish","type":"product","link":"https:\/\/droneplaza.eu\/pl\/produkt\/evo-lite-6k-enterprise\/","title":{"rendered":"EVO Lite 6K enterprise"},"content":{"rendered":"<p>Najwa\u017cniejsze cechy<\/p>\n<ul>\n<li>Lekki i przeno\u015bny<\/li>\n<li>Rozdzielczo\u015b\u0107 6K<\/li>\n<li>Zasi\u0119g transmisji wideo 12 km<\/li>\n<li>40-minutowy czas lotu<\/li>\n<li>Tr\u00f3jstronne widzenie obuoczne<\/li>\n<li>Unikanie przeszk\u00f3d<\/li>\n<li>Rozpoznawanie i pozycjonowanie cel\u00f3w AI<\/li>\n<li>\u0141atwa obs\u0142uga dzi\u0119ki Smart Controller SE V2<\/li>\n<\/ul>","protected":false},"excerpt":{"rendered":"<p>6K Lite Enterprise EVO Lite 6K Enterprise jest wyposa\u017cona w 1-calow\u0105 kamer\u0119 CMOS \u015bwiat\u0142a widzialnego o wysokiej czu\u0142o\u015bci na \u015bwiat\u0142o, zapewniaj\u0105c\u0105 doskona\u0142\u0105 jako\u015b\u0107 obrazu.<br \/>\nProfesjonalne oprogramowanie lotnicze Autel Enterprise charakteryzuje si\u0119 prost\u0105 obs\u0142ug\u0105, przyjazn\u0105 dla u\u017cytkownika interakcj\u0105, elastycznym wdra\u017caniem przez jedn\u0105 osob\u0119 i wydajnym zastosowaniem w scenariuszach takich jak bezpiecze\u0144stwo publiczne i operacje ratownicze.<\/p>\n<p><a href=\"https:\/\/droneplaza.eu\/pl\/seria-evo-lite-enterprise\/\">Czytaj wi\u0119cej .<\/a><\/p>","protected":false},"featured_media":2269,"template":"","meta":{"_et_pb_use_builder":"","_et_pb_old_content":"","_et_gb_content_width":"","inline_featured_image":false},"product_brand":[],"product_cat":[61,18],"product_tag":[],"class_list":{"0":"post-2226","1":"product","2":"type-product","3":"status-publish","4":"has-post-thumbnail","6":"product_cat-autel-evo-enterprise-series","7":"product_cat-autel-drones","9":"first","10":"instock","11":"taxable","12":"shipping-taxable","13":"purchasable","14":"product-type-variable"},"_links":{"self":[{"href":"https:\/\/droneplaza.eu\/pl\/wp-json\/wp\/v2\/product\/2226","targetHints":{"allow":["GET"]}}],"collection":[{"href":"https:\/\/droneplaza.eu\/pl\/wp-json\/wp\/v2\/product"}],"about":[{"href":"https:\/\/droneplaza.eu\/pl\/wp-json\/wp\/v2\/types\/product"}],"wp:featuredmedia":[{"embeddable":true,"href":"https:\/\/droneplaza.eu\/pl\/wp-json\/wp\/v2\/media\/2269"}],"wp:attachment":[{"href":"https:\/\/droneplaza.eu\/pl\/wp-json\/wp\/v2\/media?parent=2226"}],"wp:term":[{"taxonomy":"product_brand","embeddable":true,"href":"https:\/\/droneplaza.eu\/pl\/wp-json\/wp\/v2\/product_brand?post=2226"},{"taxonomy":"product_cat","embeddable":true,"href":"https:\/\/droneplaza.eu\/pl\/wp-json\/wp\/v2\/product_cat?post=2226"},{"taxonomy":"product_tag","embeddable":true,"href":"https:\/\/droneplaza.eu\/pl\/wp-json\/wp\/v2\/product_tag?post=2226"}],"curies":[{"name":"wp","href":"https:\/\/api.w.org\/{rel}","templated":true}]}}