{"id":48,"date":"2024-03-21T13:18:21","date_gmt":"2024-03-21T13:18:21","guid":{"rendered":"https:\/\/droneplaza.eu\/?post_type=product&#038;p=48"},"modified":"2024-05-23T16:29:35","modified_gmt":"2024-05-23T16:29:35","slug":"evo-ii-dual-640t-bundle-v3","status":"publish","type":"product","link":"https:\/\/droneplaza.eu\/pl\/produkt\/evo-ii-dual-640t-bundle-v3\/","title":{"rendered":"EVO II Dual 640T bundle V3"},"content":{"rendered":"<p>Podw\u00f3jny modu\u0142 kamery z czujnikiem podczerwieni (czujnik termowizyjny)<br \/>\nDe infrarood sensor heeft een resolutie tot 640&#215;512<br \/>\nObs\u0142uguje 10 termicznych palet kolor\u00f3w, cz\u0119stotliwo\u015b\u0107 od\u015bwie\u017cania 30 Hz i tryb obrazu w obrazie.<br \/>\nObiektyw 13 mm i 16-krotny zoom cyfrowy umo\u017cliwiaj\u0105cy rozpoznawanie obiekt\u00f3w oddalonych nawet o 100 m.<br \/>\nRadiometryczne wykrywanie temperatury<br \/>\n0,8&#8243; CMOS-sensor geschikt voor 50 MP foto&#8217;s<br \/>\nUnikanie przeszk\u00f3d 360\u00b0 z 19 grupami czujnik\u00f3w<br \/>\n7,9&#8243; Smart Controller V3<br \/>\nDynamiczna \u015bcie\u017cka 2.1<br \/>\n38 minut lotu<br \/>\nZasi\u0119g transmisji 15 km<\/p>","protected":false},"excerpt":{"rendered":"<p>Wyposa\u017cony w kamer\u0119 termowizyjn\u0105 o wysokiej rozdzielczo\u015bci 640 x 512 z obiektywem o ogniskowej 13 mm i 16-krotnym zoomem cyfrowym, obserwacja odleg\u0142ych cel\u00f3w jest \u0142atwiejsza ni\u017c kiedykolwiek. System wykorzystuje nowy algorytm przetwarzania obrazu, dzi\u0119ki czemu szczeg\u00f3\u0142y termiczne s\u0105 wyra\u017aniejsze i bardziej zauwa\u017calne ni\u017c w przypadku innych opcji o podobnej rozdzielczo\u015bci i sprz\u0119cie.<\/p>\n<p><a href=\"https:\/\/droneplaza.eu\/pl\/evo-ii-dual-640t-bundle-v3\/\">Czytaj wi\u0119cej .<\/a><\/p>","protected":false},"featured_media":49,"template":"","meta":{"_et_pb_use_builder":"","_et_pb_old_content":"","_et_gb_content_width":"","inline_featured_image":false},"product_brand":[],"product_cat":[18,19],"product_tag":[],"class_list":{"0":"post-48","1":"product","2":"type-product","3":"status-publish","4":"has-post-thumbnail","6":"product_cat-autel-drones","7":"product_cat-autel-evo-ii-series","9":"first","10":"instock","11":"taxable","12":"shipping-taxable","13":"purchasable","14":"product-type-simple"},"_links":{"self":[{"href":"https:\/\/droneplaza.eu\/pl\/wp-json\/wp\/v2\/product\/48","targetHints":{"allow":["GET"]}}],"collection":[{"href":"https:\/\/droneplaza.eu\/pl\/wp-json\/wp\/v2\/product"}],"about":[{"href":"https:\/\/droneplaza.eu\/pl\/wp-json\/wp\/v2\/types\/product"}],"wp:featuredmedia":[{"embeddable":true,"href":"https:\/\/droneplaza.eu\/pl\/wp-json\/wp\/v2\/media\/49"}],"wp:attachment":[{"href":"https:\/\/droneplaza.eu\/pl\/wp-json\/wp\/v2\/media?parent=48"}],"wp:term":[{"taxonomy":"product_brand","embeddable":true,"href":"https:\/\/droneplaza.eu\/pl\/wp-json\/wp\/v2\/product_brand?post=48"},{"taxonomy":"product_cat","embeddable":true,"href":"https:\/\/droneplaza.eu\/pl\/wp-json\/wp\/v2\/product_cat?post=48"},{"taxonomy":"product_tag","embeddable":true,"href":"https:\/\/droneplaza.eu\/pl\/wp-json\/wp\/v2\/product_tag?post=48"}],"curies":[{"name":"wp","href":"https:\/\/api.w.org\/{rel}","templated":true}]}}