{"id":937,"date":"2024-04-21T02:33:49","date_gmt":"2024-04-21T02:33:49","guid":{"rendered":"https:\/\/droneplaza.eu\/?post_type=product&#038;p=937"},"modified":"2024-04-21T03:51:51","modified_gmt":"2024-04-21T03:51:51","slug":"podstawowe-szkolenie-z-dronow","status":"publish","type":"product","link":"https:\/\/droneplaza.eu\/pl\/produkt\/podstawowe-szkolenie-z-dronow\/","title":{"rendered":"Podstawowe szkolenie w zakresie dron\u00f3w"},"content":{"rendered":"<h4>Mo\u017cesz zarezerwowa\u0107 u nas og\u00f3lne podstawowe szkolenie dronowe, kt\u00f3re sk\u0142ada si\u0119 z trzech cz\u0119\u015bci.<\/h4>\n<h4>\"Cz\u0119\u015b\u0107 pierwsza\" to og\u00f3lna cz\u0119\u015b\u0107 teoretyczna sk\u0142adaj\u0105ca si\u0119 z trzech podcz\u0119\u015bci,<\/h4>\n<ul>\n<li>Rozpakowanie drona i om\u00f3wienie cz\u0119\u015bci oraz ich zastosowania.<\/li>\n<li>Przygotowanie drona do lotu<\/li>\n<li>Om\u00f3wienie drona i zdalnego sterowania<\/li>\n<\/ul>\n<h4>Druga cz\u0119\u015b\u0107 to zapoznanie si\u0119 z funkcjami pilota i drona.<\/h4>\n<p>W tym przypadku rozr\u00f3\u017cnia si\u0119 sterowanie dronem i r\u00f3\u017cne specyficzne funkcje drona, takie jak programowanie autonomicznego lotu.<\/p>\n<p>W drugiej cz\u0119\u015bci szczeg\u00f3\u0142owo omawiana jest konkretna aplikacja, dla kt\u00f3rej uczestnik szkolenia b\u0119dzie wykorzystywa\u0142 drona. Intensywnie omawiane s\u0105 takie kwestie jak kamera (\u0142adunek), metoda rozmieszczenia, narz\u0119dzia do gromadzenia i analizy danych. Dla ka\u017cdego zastosowania odb\u0119dzie si\u0119 specjalne szkolenie podstawowe, co automatycznie oznacza, \u017ce dekarz nie przejdzie szkolenia z zakresu uprawy lub polowania. B\u0119dziesz wi\u0119c zawsze w grupie z r\u00f3wie\u015bnikami. Grupa ta sk\u0142ada si\u0119 maksymalnie z 6 os\u00f3b.<\/p>\n<p>Na przyk\u0142ad, wniosek omawiany dla ka\u017cdej grupy sta\u017cyst\u00f3w to:<\/p>\n<ul>\n<li>Zastosowania zwi\u0105zane z \u0142owiectwem, takie jak znajdowanie p\u0142owej zwierzyny (do koszenia) i innych dzikich zwierz\u0105t<\/li>\n<li>Przecieki w dachach przy u\u017cyciu kamery termowizyjnej i\/lub pomiar dach\u00f3w<\/li>\n<li>Skanowanie cieplne budynku i\/lub inspekcja termiczna przy u\u017cyciu kamery termowizyjnej<\/li>\n<li>Kontrola upraw przy u\u017cyciu kamery wielospektralnej<\/li>\n<li>Og\u00f3lna inspekcja przy u\u017cyciu r\u00f3\u017cnych kamer RGB (normal vision)<\/li>\n<li>Tworzenie mapy 2D terenu lub widoku 3D nieruchomo\u015bci<\/li>\n<\/ul>\n<p>Po pierwszych dw\u00f3ch cz\u0119\u015bciach zjemy lunch. Po obiedzie b\u0119dziemy lata\u0107!<\/p>","protected":false},"excerpt":{"rendered":"<p>Ten kurs szkoleniowy jest specjalnie zaprojektowany dla pocz\u0105tkuj\u0105cych i \u015brednio zaawansowanych pilot\u00f3w dron\u00f3w, w kt\u00f3rym dowiesz si\u0119, jak przygotowa\u0107 drona do lotu, jak obs\u0142ugiwa\u0107 drona, jakie wymogi bezpiecze\u0144stwa nale\u017cy przestrzega\u0107 i jak konserwowa\u0107 drona. Wszystko to w celu efektywnego wykorzystania drona i godzin pracy.<br \/>\nKurs sk\u0142ada si\u0119 z trzech cz\u0119\u015bci, w kt\u00f3rych nauczymy Ci\u0119 podstawowych operacji specyficznych dla Twojej pracy, 1-dniowy kurs: teoria i praktyka.<\/p>","protected":false},"featured_media":644,"template":"","meta":{"_et_pb_use_builder":"","_et_pb_old_content":"","_et_gb_content_width":"","inline_featured_image":false},"product_brand":[],"product_cat":[31],"product_tag":[],"class_list":{"0":"post-937","1":"product","2":"type-product","3":"status-publish","4":"has-post-thumbnail","6":"product_cat-opleidingen","8":"first","9":"instock","10":"taxable","11":"shipping-taxable","12":"purchasable","13":"product-type-simple"},"_links":{"self":[{"href":"https:\/\/droneplaza.eu\/pl\/wp-json\/wp\/v2\/product\/937","targetHints":{"allow":["GET"]}}],"collection":[{"href":"https:\/\/droneplaza.eu\/pl\/wp-json\/wp\/v2\/product"}],"about":[{"href":"https:\/\/droneplaza.eu\/pl\/wp-json\/wp\/v2\/types\/product"}],"wp:featuredmedia":[{"embeddable":true,"href":"https:\/\/droneplaza.eu\/pl\/wp-json\/wp\/v2\/media\/644"}],"wp:attachment":[{"href":"https:\/\/droneplaza.eu\/pl\/wp-json\/wp\/v2\/media?parent=937"}],"wp:term":[{"taxonomy":"product_brand","embeddable":true,"href":"https:\/\/droneplaza.eu\/pl\/wp-json\/wp\/v2\/product_brand?post=937"},{"taxonomy":"product_cat","embeddable":true,"href":"https:\/\/droneplaza.eu\/pl\/wp-json\/wp\/v2\/product_cat?post=937"},{"taxonomy":"product_tag","embeddable":true,"href":"https:\/\/droneplaza.eu\/pl\/wp-json\/wp\/v2\/product_tag?post=937"}],"curies":[{"name":"wp","href":"https:\/\/api.w.org\/{rel}","templated":true}]}}