{"id":957,"date":"2024-04-21T03:44:34","date_gmt":"2024-04-21T03:44:34","guid":{"rendered":"https:\/\/droneplaza.eu\/?post_type=product&#038;p=957"},"modified":"2024-04-21T03:44:46","modified_gmt":"2024-04-21T03:44:46","slug":"szkolenie-dronowe-certyfikat-podstawowy-lekki-a1-a3","status":"publish","type":"product","link":"https:\/\/droneplaza.eu\/pl\/produkt\/szkolenie-dronowe-certyfikat-podstawowy-lekki-a1-a3\/","title":{"rendered":"Podstawowe szkolenie z drona (certyfikat A1\/A3)"},"content":{"rendered":"<p class=\"bodytext\"><span style=\"color: #333333;\">Szkolenie DronePilot Basic Light to obowi\u0105zkowe minimum dla pilot\u00f3w dron\u00f3w, kt\u00f3rzy chc\u0105 lata\u0107 w najni\u017cszych kategoriach ryzyka. Kurs odbywa si\u0119 online i ko\u0144czy egzaminem teoretycznym online. Dzi\u0119ki uzyskanemu certyfikatowi mo\u017cna ubiega\u0107 si\u0119 o (uznawan\u0105 w Europie) licencj\u0119 na latanie dronem i lata\u0107 lekkimi dronami. Szkolenie DronePilot Basic Light obejmuje nast\u0119puj\u0105ce drony:<\/span><\/p>\n<ul>\n<li><span style=\"color: #333333;\">Obecne drony bez etykiet Cx od 250g do 500g<\/span><\/li>\n<li><span style=\"color: #333333;\">Obecne drony bez oznacze\u0144 Cx o masie od 500 gram\u00f3w do 25 kilogram\u00f3w (odleg\u0142o\u015b\u0107 od ludzi i budynk\u00f3w wynosi co najmniej 150 metr\u00f3w).<\/span><\/li>\n<li><span style=\"color: #333333;\">Przysz\u0142e drony o wadze od 250 do 900 gram\u00f3w, z oznaczeniem CE C0 lub C1<\/span><\/li>\n<li><span style=\"color: #333333;\">Przysz\u0142e drony o masie od 4 do 25 kilogram\u00f3w, z oznaczeniem CE C2, C3 lub C4 (odleg\u0142o\u015b\u0107 od ludzi i budynk\u00f3w wynosi co najmniej 150 metr\u00f3w).<\/span><\/li>\n<\/ul>\n<h5><span style=\"color: #333333;\">Czas trwania szkolenia<\/span><\/h5>\n<p class=\"bodytext\"><span style=\"color: #333333;\">Oko\u0142o 8 godzin nauki<\/span><\/p>\n<h5><span style=\"color: #333333;\">Dyplom<\/span><\/h5>\n<p class=\"bodytext\"><span style=\"color: #333333;\">Otwarta kategoria EASA A1\/A3<\/span><\/p>\n<h5><span style=\"color: #333333;\">Lokalizacja<\/span><\/h5>\n<p class=\"bodytext\"><span style=\"color: #333333;\">Online<\/span><\/p>","protected":false},"excerpt":{"rendered":"<p>Podstawowe szkolenie pilot\u00f3w lekkich dron\u00f3w jest minimalnym obowi\u0105zkowym szkoleniem do uzyskania licencji EU Drone dla najni\u017cszej kategorii ryzyka.<br \/>\nJest to obowi\u0105zkowe szkolenie online dla ka\u017cdego pilota drona, kt\u00f3ry chce lata\u0107 dronem wa\u017c\u0105cym wi\u0119cej ni\u017c 250 g.<br \/>\nSzkolenie to jest przeznaczone w szczeg\u00f3lno\u015bci dla os\u00f3b indywidualnych lub pocz\u0105tkuj\u0105cych komercyjnych u\u017cytkownik\u00f3w dron\u00f3w, kt\u00f3rzy chc\u0105 lata\u0107 lepszymi, inteligentniejszymi i bezpieczniejszymi dronami z najni\u017cszych kategorii ryzyka.<\/p>","protected":false},"featured_media":964,"template":"","meta":{"_et_pb_use_builder":"","_et_pb_old_content":"","_et_gb_content_width":"","inline_featured_image":false},"product_brand":[],"product_cat":[31],"product_tag":[32],"class_list":{"0":"post-957","1":"product","2":"type-product","3":"status-publish","4":"has-post-thumbnail","6":"product_cat-opleidingen","7":"product_tag-opleiding-drone","9":"first","10":"instock","11":"virtual","12":"taxable","13":"purchasable","14":"product-type-simple"},"_links":{"self":[{"href":"https:\/\/droneplaza.eu\/pl\/wp-json\/wp\/v2\/product\/957","targetHints":{"allow":["GET"]}}],"collection":[{"href":"https:\/\/droneplaza.eu\/pl\/wp-json\/wp\/v2\/product"}],"about":[{"href":"https:\/\/droneplaza.eu\/pl\/wp-json\/wp\/v2\/types\/product"}],"wp:featuredmedia":[{"embeddable":true,"href":"https:\/\/droneplaza.eu\/pl\/wp-json\/wp\/v2\/media\/964"}],"wp:attachment":[{"href":"https:\/\/droneplaza.eu\/pl\/wp-json\/wp\/v2\/media?parent=957"}],"wp:term":[{"taxonomy":"product_brand","embeddable":true,"href":"https:\/\/droneplaza.eu\/pl\/wp-json\/wp\/v2\/product_brand?post=957"},{"taxonomy":"product_cat","embeddable":true,"href":"https:\/\/droneplaza.eu\/pl\/wp-json\/wp\/v2\/product_cat?post=957"},{"taxonomy":"product_tag","embeddable":true,"href":"https:\/\/droneplaza.eu\/pl\/wp-json\/wp\/v2\/product_tag?post=957"}],"curies":[{"name":"wp","href":"https:\/\/api.w.org\/{rel}","templated":true}]}}