{"id":958,"date":"2024-04-21T03:44:34","date_gmt":"2024-04-21T03:44:34","guid":{"rendered":"https:\/\/droneplaza.eu\/?post_type=product&#038;p=958"},"modified":"2024-04-21T03:44:52","modified_gmt":"2024-04-21T03:44:52","slug":"szkolenie-dronowe-certyfikat-podstawowy-a2","status":"publish","type":"product","link":"https:\/\/droneplaza.eu\/pl\/produkt\/szkolenie-dronowe-certyfikat-podstawowy-a2\/","title":{"rendered":"Podstawowe szkolenie z obs\u0142ugi drona (certyfikat A2)"},"content":{"rendered":"<p class=\"bodytext\"><span style=\"color: #333333;\">Szkolenie DronePilot Basic (A2) jest obowi\u0105zkowym szkoleniem dla pilot\u00f3w dron\u00f3w, kt\u00f3rzy chc\u0105 lata\u0107 w kategoriach wy\u017cszego ryzyka. Kurs odbywa si\u0119 online i ko\u0144czy si\u0119 egzaminem teoretycznym online. Poniewa\u017c po uko\u0144czeniu tego kursu mo\u017cesz lata\u0107 ci\u0119\u017cszymi dronami w terenie zabudowanym, musisz r\u00f3wnie\u017c przyst\u0105pi\u0107 do dodatkowego egzaminu online. Po uzyskaniu certyfikatu mo\u017cna ubiega\u0107 si\u0119 o (uznawan\u0105 w Europie) licencj\u0119 na drona i lata\u0107 wszystkimi typami dron\u00f3w. Nast\u0119pnie mo\u017cliwe jest przej\u015bcie na kurs zaawansowany. Kurs DronePilot Basic (A2) obejmuje nast\u0119puj\u0105ce drony:<\/span><\/p>\n<ul>\n<li><span style=\"color: #333333;\">Obecne drony bez etykiet Cx od 250 gram\u00f3w do 2 kilogram\u00f3w<\/span><\/li>\n<li><span style=\"color: #333333;\">Obecne drony bez oznacze\u0144 Cx o masie od 2 do 25 kilogram\u00f3w (w odleg\u0142o\u015bci co najmniej 150 metr\u00f3w m.in. od ludzi i budynk\u00f3w)<\/span><\/li>\n<li><span style=\"color: #333333;\">Przysz\u0142e drony o wadze od 250 do 4 kilogram\u00f3w, z oznaczeniem CE C0, C1 lub C2<\/span><\/li>\n<li><span style=\"color: #333333;\">Przysz\u0142e drony o wadze od 4 do 25 kilogram\u00f3w, z oznaczeniem CE C3 lub C4 (odleg\u0142o\u015b\u0107 od ludzi i budynk\u00f3w wynosi co najmniej 150 metr\u00f3w).<\/span><\/li>\n<\/ul>\n<h5><span style=\"color: #333333;\">Czas trwania szkolenia<\/span><\/h5>\n<p class=\"bodytext\"><span style=\"color: #333333;\">Oko\u0142o 4 godzin nauki<\/span><\/p>\n<h5><span style=\"color: #333333;\">Dyplom<\/span><\/h5>\n<p class=\"bodytext\"><span style=\"color: #333333;\">EASA kategoria otwarta A2<\/span><\/p>\n<h5><span style=\"color: #333333;\">Lokalizacja<\/span><\/h5>\n<p class=\"bodytext\"><span style=\"color: #333333;\">Online<\/span><\/p>","protected":false},"excerpt":{"rendered":"<p>Szkolenie online DronePilot Basic jest minimalnym obowi\u0105zkowym szkoleniem do uzyskania licencji na drona kategorii wy\u017cszego ryzyka UE. Szkolenie to jest przeznaczone w szczeg\u00f3lno\u015bci dla do\u015bwiadczonych prywatnych i komercyjnych u\u017cytkownik\u00f3w dron\u00f3w, kt\u00f3rzy chc\u0105 lata\u0107 dronami z kategorii wy\u017cszego ryzyka lepiej, m\u0105drzej i bezpieczniej. Szkolenie DronePilot Basic odbywa si\u0119 ca\u0142kowicie online.<\/p>","protected":false},"featured_media":964,"template":"","meta":{"_et_pb_use_builder":"","_et_pb_old_content":"","_et_gb_content_width":"","inline_featured_image":false},"product_brand":[],"product_cat":[31],"product_tag":[32],"class_list":{"0":"post-958","1":"product","2":"type-product","3":"status-publish","4":"has-post-thumbnail","6":"product_cat-opleidingen","7":"product_tag-opleiding-drone","9":"first","10":"instock","11":"virtual","12":"taxable","13":"purchasable","14":"product-type-simple"},"_links":{"self":[{"href":"https:\/\/droneplaza.eu\/pl\/wp-json\/wp\/v2\/product\/958","targetHints":{"allow":["GET"]}}],"collection":[{"href":"https:\/\/droneplaza.eu\/pl\/wp-json\/wp\/v2\/product"}],"about":[{"href":"https:\/\/droneplaza.eu\/pl\/wp-json\/wp\/v2\/types\/product"}],"wp:featuredmedia":[{"embeddable":true,"href":"https:\/\/droneplaza.eu\/pl\/wp-json\/wp\/v2\/media\/964"}],"wp:attachment":[{"href":"https:\/\/droneplaza.eu\/pl\/wp-json\/wp\/v2\/media?parent=958"}],"wp:term":[{"taxonomy":"product_brand","embeddable":true,"href":"https:\/\/droneplaza.eu\/pl\/wp-json\/wp\/v2\/product_brand?post=958"},{"taxonomy":"product_cat","embeddable":true,"href":"https:\/\/droneplaza.eu\/pl\/wp-json\/wp\/v2\/product_cat?post=958"},{"taxonomy":"product_tag","embeddable":true,"href":"https:\/\/droneplaza.eu\/pl\/wp-json\/wp\/v2\/product_tag?post=958"}],"curies":[{"name":"wp","href":"https:\/\/api.w.org\/{rel}","templated":true}]}}