{"id":959,"date":"2024-04-21T03:44:34","date_gmt":"2024-04-21T03:44:34","guid":{"rendered":"https:\/\/droneplaza.eu\/?post_type=product&#038;p=959"},"modified":"2024-05-21T15:42:27","modified_gmt":"2024-05-21T15:42:27","slug":"szkolenie-dronow-zaawansowane-sts-01","status":"publish","type":"product","link":"https:\/\/droneplaza.eu\/pl\/produkt\/szkolenie-dronow-zaawansowane-sts-01\/","title":{"rendered":"Zaawansowany trening dronowy STS-01"},"content":{"rendered":"<p>[et_pb_section fb_built=&#8221;1&#8243; _builder_version=&#8221;4.16&#8243; custom_padding=&#8221;0px||||false|false&#8221; global_colors_info=&#8221;{}&#8221;][et_pb_row _builder_version=&#8221;4.16&#8243; background_size=&#8221;initial&#8221; background_position=&#8221;top_left&#8221; background_repeat=&#8221;repeat&#8221; width=&#8221;100%&#8221; custom_padding=&#8221;0px||0px||false|false&#8221; global_colors_info=&#8221;{}&#8221;][et_pb_column type=&#8221;4_4&#8243; _builder_version=&#8221;4.16&#8243; custom_padding=&#8221;|||&#8221; global_colors_info=&#8221;{}&#8221; custom_padding__hover=&#8221;|||&#8221;][et_pb_wc_breadcrumb _builder_version=&#8221;4.16&#8243; global_colors_info=&#8221;{}&#8221;][\/et_pb_wc_breadcrumb][et_pb_wc_cart_notice _builder_version=&#8221;4.16&#8243; global_colors_info=&#8221;{}&#8221;][\/et_pb_wc_cart_notice][\/et_pb_column][\/et_pb_row][et_pb_row column_structure=&#8221;1_2,1_2&#8243; _builder_version=&#8221;4.16&#8243; background_size=&#8221;initial&#8221; background_position=&#8221;top_left&#8221; background_repeat=&#8221;repeat&#8221; width=&#8221;100%&#8221; custom_padding=&#8221;0px||||false|false&#8221; global_colors_info=&#8221;{}&#8221;][et_pb_column type=&#8221;1_2&#8243; _builder_version=&#8221;4.16&#8243; custom_padding=&#8221;|||&#8221; global_colors_info=&#8221;{}&#8221; custom_padding__hover=&#8221;|||&#8221;][et_pb_wc_images _builder_version=&#8221;4.16&#8243; global_colors_info=&#8221;{}&#8221;][\/et_pb_wc_images][\/et_pb_column][et_pb_column type=&#8221;1_2&#8243; _builder_version=&#8221;4.16&#8243; custom_padding=&#8221;|||&#8221; global_colors_info=&#8221;{}&#8221; custom_padding__hover=&#8221;|||&#8221;][et_pb_wc_title _builder_version=&#8221;4.25.1&#8243; global_colors_info=&#8221;{}&#8221;][\/et_pb_wc_title][et_pb_wc_rating _builder_version=&#8221;4.16&#8243; global_colors_info=&#8221;{}&#8221;][\/et_pb_wc_rating][et_pb_wc_price _builder_version=&#8221;4.25.1&#8243; global_colors_info=&#8221;{}&#8221;][\/et_pb_wc_price][et_pb_wc_description _builder_version=&#8221;4.16&#8243; global_colors_info=&#8221;{}&#8221;][\/et_pb_wc_description][et_pb_wc_add_to_cart _builder_version=&#8221;4.16&#8243; global_colors_info=&#8221;{}&#8221;][\/et_pb_wc_add_to_cart][et_pb_wc_meta _builder_version=&#8221;4.16&#8243; global_colors_info=&#8221;{}&#8221;][\/et_pb_wc_meta][\/et_pb_column][\/et_pb_row][et_pb_row _builder_version=&#8221;4.16&#8243; background_size=&#8221;initial&#8221; background_position=&#8221;top_left&#8221; background_repeat=&#8221;repeat&#8221; width=&#8221;100%&#8221; global_colors_info=&#8221;{}&#8221;][et_pb_column type=&#8221;4_4&#8243; _builder_version=&#8221;4.16&#8243; custom_padding=&#8221;|||&#8221; global_colors_info=&#8221;{}&#8221; custom_padding__hover=&#8221;|||&#8221;][et_pb_wc_tabs _builder_version=&#8221;4.16&#8243; global_colors_info=&#8221;{}&#8221;]\t\t\t\t\t[\/et_pb_wc_tabs][et_pb_wc_upsells _builder_version=&#8221;4.16&#8243; global_colors_info=&#8221;{}&#8221;][\/et_pb_wc_upsells][et_pb_wc_related_products _builder_version=&#8221;4.16&#8243; global_colors_info=&#8221;{}&#8221;][\/et_pb_wc_related_products][\/et_pb_column][\/et_pb_row][\/et_pb_section]<\/p>\n","protected":false},"excerpt":{"rendered":"<p>Szkolenie DronePilot Advanced jest przeznaczone dla komercyjnych i prywatnych u\u017cytkownik\u00f3w dron\u00f3w, kt\u00f3rzy musz\u0105 wykonywa\u0107 loty o wy\u017cszym poziomie ryzyka. Uko\u0144czenie szkolenia DronePilot Advanced pozwala uzyska\u0107 certyfikat uprawniaj\u0105cy do wykonywania lot\u00f3w w okre\u015blonej kategorii.<\/p>","protected":false},"featured_media":968,"template":"","meta":{"_et_pb_use_builder":"on","_et_pb_old_content":"<p class=\"bodytext\"><span style=\"color: #333333\">De DronePilot Advanced opleiding is gericht op particulieren en commerci\u00eble drone gebruikers die vluchten moeten uitvoeren die vallen in de hogere risicoklassen. Door het volgen van de DronePilot Advanced opleiding behaal je het certificaat waarmee het mogelijk wordt om in de Specific-categorie vluchten te mogen uitvoeren. De opleiding is verplicht om te vliegen onder een Standaard Scenario (STS-01) of onder een Pre-Defined Risk Assessment (PDRA S01).<\/span><\/p>\r\n\r\n<ul>\r\n \t<li><span style=\"color: #333333\">Drone in het zicht van de piloot<\/span><\/li>\r\n \t<li><span style=\"color: #333333\">Maximaal 120 meter hoog<\/span><\/li>\r\n \t<li><span style=\"color: #333333\">Vliegen onder Standaard Scenario (STS)<\/span><\/li>\r\n \t<li><span style=\"color: #333333\">Vliegen onder Pre-Defined Risk Assessment (PDRA)<\/span><\/li>\r\n \t<li><span style=\"color: #333333\">Ontheffing mogelijk voor BVLOS (na aanvullende module)<\/span><\/li>\r\n \t<li><span style=\"color: #333333\">Ontheffing mogelijk voor nachtvliegen (na aanvullende module)<\/span><\/li>\r\n<\/ul>\r\n<h5><span style=\"color: #333333\">Duur opleiding<\/span><\/h5>\r\n<p class=\"bodytext\"><span style=\"color: #333333\">3 dagen<\/span><\/p>\r\n\r\n<h5><span style=\"color: #333333\">Diploma<\/span><\/h5>\r\n<p class=\"bodytext\"><span style=\"color: #333333\">EASA Specific-categorie STS-01<\/span><\/p>\r\n\r\n<h5><span style=\"color: #333333\">Locatie<\/span><\/h5>\r\n<p class=\"bodytext\"><span style=\"color: #333333\">Valkenburg (EHVB) en\/of Twente (EHTW)<\/span><\/p>\r\n<span style=\"color: #333333\"><\/span>","_et_gb_content_width":"","inline_featured_image":false},"product_brand":[],"product_cat":[31],"product_tag":[32],"class_list":{"0":"post-959","1":"product","2":"type-product","3":"status-publish","4":"has-post-thumbnail","6":"product_cat-opleidingen","7":"product_tag-opleiding-drone","9":"first","10":"instock","11":"virtual","12":"taxable","13":"purchasable","14":"product-type-simple"},"_links":{"self":[{"href":"https:\/\/droneplaza.eu\/pl\/wp-json\/wp\/v2\/product\/959","targetHints":{"allow":["GET"]}}],"collection":[{"href":"https:\/\/droneplaza.eu\/pl\/wp-json\/wp\/v2\/product"}],"about":[{"href":"https:\/\/droneplaza.eu\/pl\/wp-json\/wp\/v2\/types\/product"}],"wp:featuredmedia":[{"embeddable":true,"href":"https:\/\/droneplaza.eu\/pl\/wp-json\/wp\/v2\/media\/968"}],"wp:attachment":[{"href":"https:\/\/droneplaza.eu\/pl\/wp-json\/wp\/v2\/media?parent=959"}],"wp:term":[{"taxonomy":"product_brand","embeddable":true,"href":"https:\/\/droneplaza.eu\/pl\/wp-json\/wp\/v2\/product_brand?post=959"},{"taxonomy":"product_cat","embeddable":true,"href":"https:\/\/droneplaza.eu\/pl\/wp-json\/wp\/v2\/product_cat?post=959"},{"taxonomy":"product_tag","embeddable":true,"href":"https:\/\/droneplaza.eu\/pl\/wp-json\/wp\/v2\/product_tag?post=959"}],"curies":[{"name":"wp","href":"https:\/\/api.w.org\/{rel}","templated":true}]}}