{"id":960,"date":"2024-04-21T03:44:35","date_gmt":"2024-04-21T03:44:35","guid":{"rendered":"https:\/\/droneplaza.eu\/?post_type=product&#038;p=960"},"modified":"2024-04-21T03:45:00","modified_gmt":"2024-04-21T03:45:00","slug":"szkolenie-dronowe-podstawowy-plus","status":"publish","type":"product","link":"https:\/\/droneplaza.eu\/pl\/produkt\/szkolenie-dronowe-podstawowy-plus\/","title":{"rendered":"Szkolenie dronowe podstawowy plus"},"content":{"rendered":"<p class=\"bodytext\"><span style=\"color: #333333;\">DronePilot Basic Plus to kurs szkoleniowy dla os\u00f3b prywatnych i pocz\u0105tkuj\u0105cych komercyjnych u\u017cytkownik\u00f3w dron\u00f3w, kt\u00f3rzy chc\u0105 lata\u0107 lepiej, m\u0105drzej i bezpieczniej. Szkolenie przeznaczone jest dla firm i organizacji, kt\u00f3re chc\u0105 wykorzystywa\u0107 drony zgodnie z przepisami, ale tak\u017ce dla fotograf\u00f3w i kamerzyst\u00f3w, kt\u00f3rzy chc\u0105 robi\u0107 zdj\u0119cia w nowym wymiarze. Po uko\u0144czeniu szkolenia w klasie DronePilot Basic Plus b\u0119dziesz posiada\u0107 europejsk\u0105 licencj\u0119 na drona do latania podkategoriami A1\/A2\/A3 i podstawowe umiej\u0119tno\u015bci latania.<\/span><\/p>\n<ul>\n<li><span style=\"color: #333333;\">Dron w zasi\u0119gu wzroku pilota<\/span><\/li>\n<li><span style=\"color: #333333;\">Maksymalna wysoko\u015b\u0107 120 metr\u00f3w<\/span><\/li>\n<li><span style=\"color: #333333;\">Dzi\u0119ki dronom o wadze poni\u017cej 2 kilogram\u00f3w mo\u017cliwe jest latanie nad budynkami<\/span><\/li>\n<li><span style=\"color: #333333;\">Drony o masie od 2 do 25 kilogram\u00f3w powinny znajdowa\u0107 si\u0119 w odleg\u0142o\u015bci co najmniej 150 metr\u00f3w od ludzi i budynk\u00f3w.<\/span><\/li>\n<\/ul>\n<h5><span style=\"color: #333333;\">Czas trwania szkolenia<\/span><\/h5>\n<p class=\"bodytext\"><span style=\"color: #333333;\">2 dni<\/span><\/p>\n<h5><span style=\"color: #333333;\">Dyplom<\/span><\/h5>\n<p class=\"bodytext\"><span style=\"color: #333333;\">Otwarta kategoria EASA A1\/A2\/A3<\/span><\/p>\n<h5><span style=\"color: #333333;\">Lokalizacja<\/span><\/h5>\n<p class=\"bodytext\"><span style=\"color: #333333;\">Valkenburg (EHVB) i\/lub Twente (EHTW)<\/span><\/p>\n<p><span style=\"color: #333333;\">&#8211; Prijs exclusief brevet aanvraag<\/span><\/p>","protected":false},"excerpt":{"rendered":"<p>Szkolenie dla os\u00f3b samozatrudnionych, firm i organizacji, kt\u00f3re chc\u0105 korzysta\u0107 z dron\u00f3w zgodnie z przepisami, a tak\u017ce dla fotograf\u00f3w i kamerzyst\u00f3w, kt\u00f3rzy chc\u0105 robi\u0107 zdj\u0119cia z nowego wymiaru. Po uko\u0144czeniu szkolenia w klasie DronePilot Basic Plus b\u0119dziesz posiada\u0107 europejsk\u0105 licencj\u0119 na drona do latania w podkategoriach A1\/A2\/A3 i podstawowe umiej\u0119tno\u015bci latania.<\/p>","protected":false},"featured_media":969,"template":"","meta":{"_et_pb_use_builder":"","_et_pb_old_content":"","_et_gb_content_width":"","inline_featured_image":false},"product_brand":[],"product_cat":[31],"product_tag":[32],"class_list":{"0":"post-960","1":"product","2":"type-product","3":"status-publish","4":"has-post-thumbnail","6":"product_cat-opleidingen","7":"product_tag-opleiding-drone","9":"first","10":"instock","11":"virtual","12":"taxable","13":"purchasable","14":"product-type-simple"},"_links":{"self":[{"href":"https:\/\/droneplaza.eu\/pl\/wp-json\/wp\/v2\/product\/960","targetHints":{"allow":["GET"]}}],"collection":[{"href":"https:\/\/droneplaza.eu\/pl\/wp-json\/wp\/v2\/product"}],"about":[{"href":"https:\/\/droneplaza.eu\/pl\/wp-json\/wp\/v2\/types\/product"}],"wp:featuredmedia":[{"embeddable":true,"href":"https:\/\/droneplaza.eu\/pl\/wp-json\/wp\/v2\/media\/969"}],"wp:attachment":[{"href":"https:\/\/droneplaza.eu\/pl\/wp-json\/wp\/v2\/media?parent=960"}],"wp:term":[{"taxonomy":"product_brand","embeddable":true,"href":"https:\/\/droneplaza.eu\/pl\/wp-json\/wp\/v2\/product_brand?post=960"},{"taxonomy":"product_cat","embeddable":true,"href":"https:\/\/droneplaza.eu\/pl\/wp-json\/wp\/v2\/product_cat?post=960"},{"taxonomy":"product_tag","embeddable":true,"href":"https:\/\/droneplaza.eu\/pl\/wp-json\/wp\/v2\/product_tag?post=960"}],"curies":[{"name":"wp","href":"https:\/\/api.w.org\/{rel}","templated":true}]}}